{"id":1044,"date":"2020-04-06T12:58:36","date_gmt":"2020-04-06T12:58:36","guid":{"rendered":"https:\/\/aampalk.ee\/ehitustood\/"},"modified":"2020-07-06T12:25:40","modified_gmt":"2020-07-06T12:25:40","slug":"bauarbeiten","status":"publish","type":"page","link":"https:\/\/aampalk.ee\/de\/bauarbeiten\/","title":{"rendered":"BAUARBEITEN"},"content":{"rendered":"<p><div class=\"fusion-fullwidth fullwidth-box fusion-builder-row-1 fusion-parallax-none nonhundred-percent-fullwidth non-hundred-percent-height-scrolling\" style=\"--awb-border-radius-top-left:0px;--awb-border-radius-top-right:0px;--awb-border-radius-bottom-right:0px;--awb-border-radius-bottom-left:0px;--awb-padding-top:0px;--awb-padding-right:0px;--awb-padding-bottom:0px;--awb-padding-left:0px;--awb-margin-top:0px;--awb-margin-bottom:50px;--awb-background-image:url(&quot;https:\/\/aampalk.ee\/wp-content\/uploads\/2020\/07\/ehitustood-min.jpg&quot;);--awb-background-size:cover;--awb-flex-wrap:wrap;\" ><div class=\"fusion-builder-row fusion-row\"><div class=\"fusion-layout-column fusion_builder_column fusion-builder-column-0 fusion_builder_column_1_1 1_1 fusion-one-full fusion-column-first fusion-column-last\" style=\"--awb-bg-size:cover;--awb-margin-top:10%;--awb-margin-bottom:10%;\"><div class=\"fusion-column-wrapper fusion-column-has-shadow fusion-flex-column-wrapper-legacy\"><div class=\"fusion-clearfix\"><\/div><\/div><\/div><\/div><\/div><div class=\"fusion-fullwidth fullwidth-box fusion-builder-row-2 nonhundred-percent-fullwidth non-hundred-percent-height-scrolling\" style=\"--awb-border-radius-top-left:0px;--awb-border-radius-top-right:0px;--awb-border-radius-bottom-right:0px;--awb-border-radius-bottom-left:0px;--awb-padding-right:25%;--awb-padding-left:25%;--awb-flex-wrap:wrap;\" ><div class=\"fusion-builder-row fusion-row\"><div class=\"fusion-layout-column fusion_builder_column fusion-builder-column-1 fusion_builder_column_1_1 1_1 fusion-one-full fusion-column-first fusion-column-last\" style=\"--awb-bg-size:cover;\"><div class=\"fusion-column-wrapper fusion-column-has-shadow fusion-flex-column-wrapper-legacy\"><div class=\"fusion-title title fusion-title-1 fusion-sep-none fusion-title-text fusion-title-size-one\" style=\"--awb-margin-bottom:0px;\"><h1 class=\"fusion-title-heading title-heading-left\" style=\"margin:0;\">BAUARBEITEN<\/h1><\/div><div class=\"fusion-sep-clear\"><\/div><div class=\"fusion-separator fusion-clearfix\" style=\"float:left;margin-top:20px;margin-bottom:20px;width:100%;max-width:12%;\"><div class=\"fusion-separator-border sep-single sep-solid\" style=\"--awb-height:20px;--awb-amount:20px;border-color:#757f78;border-top-width:2px;\"><\/div><\/div><div class=\"fusion-sep-clear\"><\/div><div class=\"fusion-text fusion-text-1\"><h2>Holzblockhausbau<\/h2>\n<p>Wir sind spezialisiert auf den Bau von Holzkonstruktionen. Unsere Hauptt\u00e4tigkeit und gr\u00f6\u00dfte Erfahrung liegt in der Installation von Holzblockh\u00e4usern.<\/p>\n<p>Wir bieten Bauleistungen von der Installation des Holzblockteils bis zur schl\u00fcsselfertigen L\u00f6sung an. Wir haben sowohl doppelwandige Systeme als auch Standard-Cottage-L\u00f6sungen installiert. Wir geben mindestens 2 Jahre Garantie auf alle Arbeiten und sind f\u00fcr die Qualit\u00e4t unserer Arbeit verantwortlich.<\/p>\n<p>Unsere Position ist, dass neben hochwertigen Materialien auch die Installationsqualit\u00e4t sehr wichtig ist. Um das perfekte Holzblockhaus zu bauen, ist es wichtig, alle Phasen der Grundkonstruktionen zu ber\u00fccksichtigen. F\u00fcr unsere Kunden gibt es auch die M\u00f6glichkeit, mit Bauarbeiten zu helfen, entweder bei Endbearbeitung oder als Assistent des Installationsteams. Es ist definitiv eine lebenslange Erfahrung, die dem Zuhause genau das richtige Gef\u00fchl von Zuhause gibt.<\/p>\n<h2>Bau von Holzrahmenh\u00e4usern<\/h2>\n<p>Wir besch\u00e4ftigen uns auch mit dem Bau der Holzrahmenh\u00e4usern. Dieser Geb\u00e4udetyp hat seine eigenen Besonderheiten und erfordert bestimmte Kenntnisse. Unsere langj\u00e4hrige Erfahrung mit Holzrahmenh\u00e4usern hat eine Reihe wichtiger Nuancen hervorgehoben, die zu ber\u00fccksichtigen sind und die auch sp\u00e4ter eine sehr wichtige Rolle f\u00fcr die Qualit\u00e4t aller Arbeiten spielen.<\/p>\n<p>Unsere Kunden k\u00f6nnen auch beim Bau der Holzrahmenh\u00e4user teilnehmen. Es gibt definitiv mehr M\u00f6glichkeiten, beim Bau eines zuk\u00fcnftigen Hauses und bei der Qualit\u00e4tskontrolle zu helfen. Unter unserer Anleitung ist es m\u00f6glich, in bestimmten Teilen Isolierung zu installieren, Endbearbeitungsarbeiten durchzuf\u00fchren und das Haus durch die Installation von Lamellen endg\u00fcltig fertigzustellen.<\/p>\n<h2>Zus\u00e4tzliche Arbeiten<strong>\u00a0<\/strong><\/h2>\n<p>Ihre Vorschl\u00e4ge sind immer willkommen \u2013 gerne erf\u00fcllen wir Ihre W\u00fcnsche! Derzeit umfassen unsere Aktivit\u00e4ten vor allem Holz- und Veredelungsarbeiten, wobei Beton- oder Metallarbeiten eher die Ausnahme sind.<\/p>\n<p>In jedem Fall ist die Fertigstellung des Hauses ein gro\u00dfes Ereignis und wir m\u00f6chten es so nah wie m\u00f6glich am Ideal machen.<\/p>\n<p><strong>Ihre Zufriedenheit ist auch unsere Zufriedenheit.<\/strong><\/p>\n<\/div><div class=\"fusion-clearfix\"><\/div><\/div><\/div><\/div><\/div><\/p>\n","protected":false},"excerpt":{"rendered":"","protected":false},"author":1,"featured_media":0,"parent":0,"menu_order":0,"comment_status":"closed","ping_status":"closed","template":"100-width.php","meta":{"om_disable_all_campaigns":false,"_monsterinsights_skip_tracking":false,"_monsterinsights_sitenote_active":false,"_monsterinsights_sitenote_note":"","_monsterinsights_sitenote_category":0,"_uf_show_specific_survey":0,"_uf_disable_surveys":false,"footnotes":""},"class_list":["post-1044","page","type-page","status-publish","hentry"],"yoast_head":"<!-- This site is optimized with the Yoast SEO Premium plugin v26.8 (Yoast SEO v27.4) - https:\/\/yoast.com\/product\/yoast-seo-premium-wordpress\/ -->\n<title>BAUARBEITEN | Aampalk<\/title>\n<meta name=\"description\" content=\"Aampalk\" \/>\n<meta name=\"robots\" content=\"index, follow, max-snippet:-1, max-image-preview:large, max-video-preview:-1\" \/>\n<link rel=\"canonical\" href=\"https:\/\/aampalk.ee\/de\/bauarbeiten\/\" \/>\n<meta property=\"og:locale\" content=\"de_DE\" \/>\n<meta property=\"og:type\" content=\"article\" \/>\n<meta property=\"og:title\" content=\"BAUARBEITEN\" \/>\n<meta property=\"og:description\" content=\"Aampalk\" \/>\n<meta property=\"og:url\" content=\"https:\/\/aampalk.ee\/de\/bauarbeiten\/\" \/>\n<meta property=\"og:site_name\" content=\"Aampalk\" \/>\n<meta property=\"article:modified_time\" content=\"2020-07-06T12:25:40+00:00\" \/>\n<meta name=\"twitter:card\" content=\"summary_large_image\" \/>\n<meta name=\"twitter:label1\" content=\"Gesch\u00e4tzte Lesezeit\" \/>\n\t<meta name=\"twitter:data1\" content=\"6\u00a0Minuten\" \/>\n<script type=\"application\/ld+json\" class=\"yoast-schema-graph\">{\"@context\":\"https:\\\/\\\/schema.org\",\"@graph\":[{\"@type\":\"WebPage\",\"@id\":\"https:\\\/\\\/aampalk.ee\\\/de\\\/bauarbeiten\\\/\",\"url\":\"https:\\\/\\\/aampalk.ee\\\/de\\\/bauarbeiten\\\/\",\"name\":\"BAUARBEITEN | Aampalk\",\"isPartOf\":{\"@id\":\"https:\\\/\\\/aampalk.ee\\\/de\\\/#website\"},\"datePublished\":\"2020-04-06T12:58:36+00:00\",\"dateModified\":\"2020-07-06T12:25:40+00:00\",\"description\":\"Aampalk\",\"breadcrumb\":{\"@id\":\"https:\\\/\\\/aampalk.ee\\\/de\\\/bauarbeiten\\\/#breadcrumb\"},\"inLanguage\":\"de\",\"potentialAction\":[{\"@type\":\"ReadAction\",\"target\":[\"https:\\\/\\\/aampalk.ee\\\/de\\\/bauarbeiten\\\/\"]}]},{\"@type\":\"BreadcrumbList\",\"@id\":\"https:\\\/\\\/aampalk.ee\\\/de\\\/bauarbeiten\\\/#breadcrumb\",\"itemListElement\":[{\"@type\":\"ListItem\",\"position\":1,\"name\":\"Home\",\"item\":\"https:\\\/\\\/aampalk.ee\\\/de\\\/\"},{\"@type\":\"ListItem\",\"position\":2,\"name\":\"BAUARBEITEN\"}]},{\"@type\":\"WebSite\",\"@id\":\"https:\\\/\\\/aampalk.ee\\\/de\\\/#website\",\"url\":\"https:\\\/\\\/aampalk.ee\\\/de\\\/\",\"name\":\"Aampalk\",\"description\":\"Kvaliteetsed puitmajad\",\"publisher\":{\"@id\":\"https:\\\/\\\/aampalk.ee\\\/de\\\/#organization\"},\"potentialAction\":[{\"@type\":\"SearchAction\",\"target\":{\"@type\":\"EntryPoint\",\"urlTemplate\":\"https:\\\/\\\/aampalk.ee\\\/de\\\/?s={search_term_string}\"},\"query-input\":{\"@type\":\"PropertyValueSpecification\",\"valueRequired\":true,\"valueName\":\"search_term_string\"}}],\"inLanguage\":\"de\"},{\"@type\":\"Organization\",\"@id\":\"https:\\\/\\\/aampalk.ee\\\/de\\\/#organization\",\"name\":\"Aampalk Fin\",\"url\":\"https:\\\/\\\/aampalk.ee\\\/de\\\/\",\"logo\":{\"@type\":\"ImageObject\",\"inLanguage\":\"de\",\"@id\":\"https:\\\/\\\/aampalk.ee\\\/de\\\/#\\\/schema\\\/logo\\\/image\\\/\",\"url\":\"https:\\\/\\\/aampalk.ee\\\/wp-content\\\/uploads\\\/2020\\\/06\\\/aampalk_logo_retina.png\",\"contentUrl\":\"https:\\\/\\\/aampalk.ee\\\/wp-content\\\/uploads\\\/2020\\\/06\\\/aampalk_logo_retina.png\",\"width\":478,\"height\":180,\"caption\":\"Aampalk Fin\"},\"image\":{\"@id\":\"https:\\\/\\\/aampalk.ee\\\/de\\\/#\\\/schema\\\/logo\\\/image\\\/\"}}]}<\/script>\n<!-- \/ Yoast SEO Premium plugin. -->","yoast_head_json":{"title":"BAUARBEITEN | Aampalk","description":"Aampalk","robots":{"index":"index","follow":"follow","max-snippet":"max-snippet:-1","max-image-preview":"max-image-preview:large","max-video-preview":"max-video-preview:-1"},"canonical":"https:\/\/aampalk.ee\/de\/bauarbeiten\/","og_locale":"de_DE","og_type":"article","og_title":"BAUARBEITEN","og_description":"Aampalk","og_url":"https:\/\/aampalk.ee\/de\/bauarbeiten\/","og_site_name":"Aampalk","article_modified_time":"2020-07-06T12:25:40+00:00","twitter_card":"summary_large_image","twitter_misc":{"Gesch\u00e4tzte Lesezeit":"6\u00a0Minuten"},"schema":{"@context":"https:\/\/schema.org","@graph":[{"@type":"WebPage","@id":"https:\/\/aampalk.ee\/de\/bauarbeiten\/","url":"https:\/\/aampalk.ee\/de\/bauarbeiten\/","name":"BAUARBEITEN | Aampalk","isPartOf":{"@id":"https:\/\/aampalk.ee\/de\/#website"},"datePublished":"2020-04-06T12:58:36+00:00","dateModified":"2020-07-06T12:25:40+00:00","description":"Aampalk","breadcrumb":{"@id":"https:\/\/aampalk.ee\/de\/bauarbeiten\/#breadcrumb"},"inLanguage":"de","potentialAction":[{"@type":"ReadAction","target":["https:\/\/aampalk.ee\/de\/bauarbeiten\/"]}]},{"@type":"BreadcrumbList","@id":"https:\/\/aampalk.ee\/de\/bauarbeiten\/#breadcrumb","itemListElement":[{"@type":"ListItem","position":1,"name":"Home","item":"https:\/\/aampalk.ee\/de\/"},{"@type":"ListItem","position":2,"name":"BAUARBEITEN"}]},{"@type":"WebSite","@id":"https:\/\/aampalk.ee\/de\/#website","url":"https:\/\/aampalk.ee\/de\/","name":"Aampalk","description":"Kvaliteetsed puitmajad","publisher":{"@id":"https:\/\/aampalk.ee\/de\/#organization"},"potentialAction":[{"@type":"SearchAction","target":{"@type":"EntryPoint","urlTemplate":"https:\/\/aampalk.ee\/de\/?s={search_term_string}"},"query-input":{"@type":"PropertyValueSpecification","valueRequired":true,"valueName":"search_term_string"}}],"inLanguage":"de"},{"@type":"Organization","@id":"https:\/\/aampalk.ee\/de\/#organization","name":"Aampalk Fin","url":"https:\/\/aampalk.ee\/de\/","logo":{"@type":"ImageObject","inLanguage":"de","@id":"https:\/\/aampalk.ee\/de\/#\/schema\/logo\/image\/","url":"https:\/\/aampalk.ee\/wp-content\/uploads\/2020\/06\/aampalk_logo_retina.png","contentUrl":"https:\/\/aampalk.ee\/wp-content\/uploads\/2020\/06\/aampalk_logo_retina.png","width":478,"height":180,"caption":"Aampalk Fin"},"image":{"@id":"https:\/\/aampalk.ee\/de\/#\/schema\/logo\/image\/"}}]}},"_links":{"self":[{"href":"https:\/\/aampalk.ee\/de\/wp-json\/wp\/v2\/pages\/1044","targetHints":{"allow":["GET"]}}],"collection":[{"href":"https:\/\/aampalk.ee\/de\/wp-json\/wp\/v2\/pages"}],"about":[{"href":"https:\/\/aampalk.ee\/de\/wp-json\/wp\/v2\/types\/page"}],"author":[{"embeddable":true,"href":"https:\/\/aampalk.ee\/de\/wp-json\/wp\/v2\/users\/1"}],"replies":[{"embeddable":true,"href":"https:\/\/aampalk.ee\/de\/wp-json\/wp\/v2\/comments?post=1044"}],"version-history":[{"count":0,"href":"https:\/\/aampalk.ee\/de\/wp-json\/wp\/v2\/pages\/1044\/revisions"}],"wp:attachment":[{"href":"https:\/\/aampalk.ee\/de\/wp-json\/wp\/v2\/media?parent=1044"}],"curies":[{"name":"wp","href":"https:\/\/api.w.org\/{rel}","templated":true}]}}