{"id":1052,"date":"2020-04-06T12:58:45","date_gmt":"2020-04-06T12:58:45","guid":{"rendered":"https:\/\/aampalk.ee\/kkk\/"},"modified":"2020-07-06T12:20:47","modified_gmt":"2020-07-06T12:20:47","slug":"faq","status":"publish","type":"page","link":"https:\/\/aampalk.ee\/de\/faq\/","title":{"rendered":"FAQ"},"content":{"rendered":"<p><div class=\"fusion-fullwidth fullwidth-box fusion-builder-row-1 fusion-parallax-none nonhundred-percent-fullwidth non-hundred-percent-height-scrolling\" style=\"--awb-border-radius-top-left:0px;--awb-border-radius-top-right:0px;--awb-border-radius-bottom-right:0px;--awb-border-radius-bottom-left:0px;--awb-padding-top:0px;--awb-padding-right:0px;--awb-padding-bottom:0px;--awb-padding-left:0px;--awb-margin-top:0px;--awb-margin-bottom:50px;--awb-background-image:url(&quot;https:\/\/aampalk.ee\/wp-content\/uploads\/2020\/07\/kkk-min.jpg&quot;);--awb-background-size:cover;--awb-flex-wrap:wrap;\" ><div class=\"fusion-builder-row fusion-row\"><div class=\"fusion-layout-column fusion_builder_column fusion-builder-column-0 fusion_builder_column_1_1 1_1 fusion-one-full fusion-column-first fusion-column-last\" style=\"--awb-bg-size:cover;--awb-margin-top:10%;--awb-margin-bottom:10%;\"><div class=\"fusion-column-wrapper fusion-column-has-shadow fusion-flex-column-wrapper-legacy\"><div class=\"fusion-clearfix\"><\/div><\/div><\/div><\/div><\/div><div class=\"fusion-fullwidth fullwidth-box fusion-builder-row-2 nonhundred-percent-fullwidth non-hundred-percent-height-scrolling\" style=\"--awb-border-radius-top-left:0px;--awb-border-radius-top-right:0px;--awb-border-radius-bottom-right:0px;--awb-border-radius-bottom-left:0px;--awb-padding-right:25%;--awb-padding-left:25%;--awb-flex-wrap:wrap;\" ><div class=\"fusion-builder-row fusion-row\"><div class=\"fusion-layout-column fusion_builder_column fusion-builder-column-1 fusion_builder_column_1_1 1_1 fusion-one-full fusion-column-first fusion-column-last\" style=\"--awb-bg-size:cover;\"><div class=\"fusion-column-wrapper fusion-column-has-shadow fusion-flex-column-wrapper-legacy\"><div class=\"fusion-title title fusion-title-1 fusion-sep-none fusion-title-text fusion-title-size-one\" style=\"--awb-margin-bottom:0px;--awb-margin-bottom-small:0px;\"><h1 class=\"fusion-title-heading title-heading-left\" style=\"margin:0;\">H\u00e4ufig gestellte Fragen<\/h1><\/div><div class=\"fusion-sep-clear\"><\/div><div class=\"fusion-separator fusion-clearfix\" style=\"float:left;margin-top:20px;margin-bottom:20px;width:100%;max-width:12%;\"><div class=\"fusion-separator-border sep-single sep-solid\" style=\"--awb-height:20px;--awb-amount:20px;border-color:#757f78;border-top-width:2px;\"><\/div><\/div><div class=\"fusion-sep-clear\"><\/div><div class=\"accordian fusion-accordian\" style=\"--awb-border-size:1px;--awb-icon-size:13px;--awb-content-font-size:15px;--awb-icon-alignment:left;--awb-hover-color:#f9f9f9;--awb-border-color:#cccccc;--awb-background-color:#ffffff;--awb-divider-color:#757f78;--awb-divider-hover-color:#757f78;--awb-icon-color:#ffffff;--awb-title-color:#333333;--awb-content-color:#6b6b6b;--awb-icon-box-color:#6b6b6b;--awb-toggle-hover-accent-color:#757f78;--awb-title-font-family:&quot;Rubik&quot;;--awb-title-font-weight:regular;--awb-title-font-style:normal;--awb-title-line-height:1.5;--awb-content-font-family:&quot;Rubik&quot;;--awb-content-font-style:normal;--awb-content-font-weight:regular;\"><div class=\"panel-group fusion-toggle-icon-boxed\" id=\"accordion-1052-1\"><div class=\"fusion-panel panel-default panel-3ff4a3d1bd8b6eb8c fusion-toggle-has-divider\"><div class=\"panel-heading\"><h4 class=\"panel-title toggle\" id=\"toggle_3ff4a3d1bd8b6eb8c\"><a aria-expanded=\"false\" aria-controls=\"3ff4a3d1bd8b6eb8c\" role=\"button\" data-toggle=\"collapse\" data-parent=\"#accordion-1052-1\" data-target=\"#3ff4a3d1bd8b6eb8c\" href=\"#3ff4a3d1bd8b6eb8c\"><span class=\"fusion-toggle-icon-wrapper\" aria-hidden=\"true\"><i class=\"fa-fusion-box active-icon awb-icon-minus\" aria-hidden=\"true\"><\/i><i class=\"fa-fusion-box inactive-icon awb-icon-plus\" aria-hidden=\"true\"><\/i><\/span><span class=\"fusion-toggle-heading\">Was sind die Vorteile eines Holzblockhauses?<\/span><\/a><\/h4><\/div><div id=\"3ff4a3d1bd8b6eb8c\" class=\"panel-collapse collapse \" aria-labelledby=\"toggle_3ff4a3d1bd8b6eb8c\"><div class=\"panel-body toggle-content fusion-clearfix\">\n<p>Immer mehr Familien weltweit w\u00e4hlen Holzblockh\u00e4user als ihr Zuhause. Dies ist eine logische Wahl, da die Menschen schon immer ein erf\u00fclltes Leben f\u00fchren m\u00f6chten, das einen gesunden und naturnahen Lebensstil umfasst. Der Bau eines eigenen Hauses ist eine wichtige Entscheidung im Leben, da unser Haus in der Regel der Ort ist, an dem wir unser ganzes Leben verbringen. Zuhause ist auch eine der wichtigsten Erinnerungen f\u00fcr unsere Nachkommen. Daher ist die Planung und Auswahl eines zuk\u00fcnftigen Hauses oft schwierig, weil wir bei unseren Entscheidungen zuversichtlich sein wollen.<\/p>\n<p><strong>Wenn Sie sich f\u00fcr ein Holzblockhaus entscheiden, gibt es folgende Vorteile f\u00fcr Sie:<\/strong><\/p>\n<ul>\n<li>Holz ist das sauberste und nat\u00fcrlichste Baumaterial;<\/li>\n<li>Die Bautraditionen der Holzblockh\u00e4user gehen auf unsere Vorfahren zur\u00fcck;<\/li>\n<li>Holz sieht perfekt aus und kann\/sollte nicht gestrichen werden;<\/li>\n<li>Ein Blockhaus, das dank moderner Technologie behandelt und ordnungsgem\u00e4\u00df errichtet wurde, wird jahrhundertelang erhalten bleiben;<\/li>\n<li>Einzigartige Raumluft im Haus: Im Gegensatz zu anderen Baumaterialien kann Holz \u201eatmen\u201c \u2013 dank Holzzellen kann die Luft in beide Richtungen diffundieren und sorgt f\u00fcr eine st\u00e4ndige Zirkulierung der Raumluftmolek\u00fcle.<\/li>\n<li>Balkenw\u00e4nde wirken wie ein W\u00e4rmespeicher \u2013 Holz kann W\u00e4rmeenergie speichern und sie entsprechend der Innentemperatur reibungslos \u00fcbertragen;<\/li>\n<li>Balkenw\u00e4nde k\u00f6nnen im Winter Feuchtigkeit in Innenr\u00e4umen abgeben und so die Trockenheit der Raumluft verringern;<\/li>\n<li>Die Temperatur der Innenfl\u00e4chen von Holzgeb\u00e4uden ist angenehm, da sie immer nahe an der Umgebungstemperatur liegt;<\/li>\n<li>Aufgrund seiner elektrostatischen Eigenschaften erzeugt Holz keine statische Elektrizit\u00e4t und verhindert, dass Staub in Innenr\u00e4umen zirkuliert. Diese Eigenschaft wird besonders von Allergikern gesch\u00e4tzt;<\/li>\n<li>Wenn Sie alle Besonderheiten von Holzblockh\u00e4usern erfahren haben, ist die Errichtung von Blockh\u00e4usern einfach und schnell;<\/li>\n<li>Dank moderner Technologie ist es m\u00f6glich, ein Holzblockhaus sehr kosteng\u00fcnstig zu errichten oder auch ein exklusives handgefertigtes Blockhaus nach Ihren W\u00fcnschen zu bauen.<\/li>\n<\/ul>\n<\/div><\/div><\/div><div class=\"fusion-panel panel-default panel-bc5b8f55bbb30ecbd fusion-toggle-has-divider\"><div class=\"panel-heading\"><h4 class=\"panel-title toggle\" id=\"toggle_bc5b8f55bbb30ecbd\"><a aria-expanded=\"false\" aria-controls=\"bc5b8f55bbb30ecbd\" role=\"button\" data-toggle=\"collapse\" data-parent=\"#accordion-1052-1\" data-target=\"#bc5b8f55bbb30ecbd\" href=\"#bc5b8f55bbb30ecbd\"><span class=\"fusion-toggle-icon-wrapper\" aria-hidden=\"true\"><i class=\"fa-fusion-box active-icon awb-icon-minus\" aria-hidden=\"true\"><\/i><i class=\"fa-fusion-box inactive-icon awb-icon-plus\" aria-hidden=\"true\"><\/i><\/span><span class=\"fusion-toggle-heading\">Wo soll man anfangen?<\/span><\/a><\/h4><\/div><div id=\"bc5b8f55bbb30ecbd\" class=\"panel-collapse collapse \" aria-labelledby=\"toggle_bc5b8f55bbb30ecbd\"><div class=\"panel-body toggle-content fusion-clearfix\">\n<p>Wenn Sie sich f\u00fcr ein Holzblockhaus entschieden und vielleicht schon ein Grundst\u00fcck gekauft haben, w\u00e4re es zweckm\u00e4\u00dfig, eine geeignete architektonische L\u00f6sung f\u00fcr das zuk\u00fcnftige Haus zu finden. Es gibt viele verschiedene M\u00f6glichkeiten, dies zu tun. Im Falle eines Holzblockhauses ist es am zweckm\u00e4\u00dfigsten, den Hersteller zu konsultieren, wenn Skizzenzeichnungen des Hauses erstellt werden. Obwohl es viele M\u00f6glichkeiten zum Bauen aus Holzbl\u00f6cken gibt, m\u00fcssen bei der Konstruktion eine Reihe spezifischer Merkmale ber\u00fccksichtigt werden, wie z.B. die Holzblockl\u00e4nge, die Festigkeit der Tr\u00e4ger, das Absinken der Balkenw\u00e4nde usw.<\/p>\n<p>Eine gute Option ist sicherlich, das richtige Standardprojekt auszuw\u00e4hlen. Im Allgemeinen kann es dann an spezifische W\u00fcnsche angepasst werden. Wenn Sie auf unserer Website keine geeignete L\u00f6sung unter den Standardl\u00f6sungen finden, m\u00f6chten wir Ihre Vision gemeinsam mit Ihnen wahr werden lassen. Nat\u00fcrlich ist es immer m\u00f6glich, sich auch an einen Architekten zu wenden.<\/p>\n<\/div><\/div><\/div><div class=\"fusion-panel panel-default panel-59f9d0c6a1b86457d fusion-toggle-has-divider\"><div class=\"panel-heading\"><h4 class=\"panel-title toggle\" id=\"toggle_59f9d0c6a1b86457d\"><a aria-expanded=\"false\" aria-controls=\"59f9d0c6a1b86457d\" role=\"button\" data-toggle=\"collapse\" data-parent=\"#accordion-1052-1\" data-target=\"#59f9d0c6a1b86457d\" href=\"#59f9d0c6a1b86457d\"><span class=\"fusion-toggle-icon-wrapper\" aria-hidden=\"true\"><i class=\"fa-fusion-box active-icon awb-icon-minus\" aria-hidden=\"true\"><\/i><i class=\"fa-fusion-box inactive-icon awb-icon-plus\" aria-hidden=\"true\"><\/i><\/span><span class=\"fusion-toggle-heading\">Runde oder rechteckige Holzbl\u00f6cke?<\/span><\/a><\/h4><\/div><div id=\"59f9d0c6a1b86457d\" class=\"panel-collapse collapse \" aria-labelledby=\"toggle_59f9d0c6a1b86457d\"><div class=\"panel-body toggle-content fusion-clearfix\">\n<p>Je nach Geschmack. Einige m\u00f6gen runde Holzbl\u00f6cke, andere bevorzugen flache Balkenw\u00e4nde mit rechteckigen Holzbl\u00f6cken. Der Einfluss von Traditionen bei der Wahl des Blocktyps ist weltweit zu beobachten. Beispielsweise baut Norwegen seit Jahrzehnten haupts\u00e4chlich H\u00e4user mit rechteckigen Holzbl\u00f6cken. In Estland gibt es alte H\u00e4user sowohl\u00a0 mit runden als auch mit rechteckigen Holzbl\u00f6cken.<\/p>\n<\/div><\/div><\/div><div class=\"fusion-panel panel-default panel-79a6430e170cc9f3d fusion-toggle-has-divider\"><div class=\"panel-heading\"><h4 class=\"panel-title toggle\" id=\"toggle_79a6430e170cc9f3d\"><a aria-expanded=\"false\" aria-controls=\"79a6430e170cc9f3d\" role=\"button\" data-toggle=\"collapse\" data-parent=\"#accordion-1052-1\" data-target=\"#79a6430e170cc9f3d\" href=\"#79a6430e170cc9f3d\"><span class=\"fusion-toggle-icon-wrapper\" aria-hidden=\"true\"><i class=\"fa-fusion-box active-icon awb-icon-minus\" aria-hidden=\"true\"><\/i><i class=\"fa-fusion-box inactive-icon awb-icon-plus\" aria-hidden=\"true\"><\/i><\/span><span class=\"fusion-toggle-heading\">Von Hand oder Maschine produzierte Holzbl\u00f6cke?<\/span><\/a><\/h4><\/div><div id=\"79a6430e170cc9f3d\" class=\"panel-collapse collapse \" aria-labelledby=\"toggle_79a6430e170cc9f3d\"><div class=\"panel-body toggle-content fusion-clearfix\">\n<p>Die industrielle Holzblockhausproduktion wurde erst 1950-1960 aufgenommen. Zuvor wurden Holzblockh\u00e4user noch von Hand gefertigt. Diese traditionelle Methode ist auch heute nicht verschwunden \u2013 die Menschen wissen immer noch zu sch\u00e4tzen, was von Menschenhand getan wurde. Da das Holzblockhaus oft von einem nat\u00fcrlichen Lebensstil begleitet wird, verleiht die menschliche Energie, die von Hand in das Haus eingebracht wird, dem Haus definitiv einen Mehrwert.<\/p>\n<\/div><\/div><\/div><div class=\"fusion-panel panel-default panel-94de8b7cf18343d92 fusion-toggle-has-divider\"><div class=\"panel-heading\"><h4 class=\"panel-title toggle\" id=\"toggle_94de8b7cf18343d92\"><a aria-expanded=\"false\" aria-controls=\"94de8b7cf18343d92\" role=\"button\" data-toggle=\"collapse\" data-parent=\"#accordion-1052-1\" data-target=\"#94de8b7cf18343d92\" href=\"#94de8b7cf18343d92\"><span class=\"fusion-toggle-icon-wrapper\" aria-hidden=\"true\"><i class=\"fa-fusion-box active-icon awb-icon-minus\" aria-hidden=\"true\"><\/i><i class=\"fa-fusion-box inactive-icon awb-icon-plus\" aria-hidden=\"true\"><\/i><\/span><span class=\"fusion-toggle-heading\">Welche Wandst\u00e4rke w\u00e4hlen?<\/span><\/a><\/h4><\/div><div id=\"94de8b7cf18343d92\" class=\"panel-collapse collapse \" aria-labelledby=\"toggle_94de8b7cf18343d92\"><div class=\"panel-body toggle-content fusion-clearfix\">\n<p>Wichtig dabei ist, ob das Haus ganzj\u00e4hrig verwendet wird oder ob es sich eher um ein Ferienhaus handelt. Bei einem Wohnhaus empfehlen wir die Verwendung einer zus\u00e4tzlichen Isolierung, wenn der Durchmesser des Rundholzes weniger als 200 mm und die Dicke des Vierkantholzes weniger als 200 mm betr\u00e4gt.<\/p>\n<\/div><\/div><\/div><div class=\"fusion-panel panel-default panel-8e3d52efb4f227583 fusion-toggle-has-divider\"><div class=\"panel-heading\"><h4 class=\"panel-title toggle\" id=\"toggle_8e3d52efb4f227583\"><a aria-expanded=\"false\" aria-controls=\"8e3d52efb4f227583\" role=\"button\" data-toggle=\"collapse\" data-parent=\"#accordion-1052-1\" data-target=\"#8e3d52efb4f227583\" href=\"#8e3d52efb4f227583\"><span class=\"fusion-toggle-icon-wrapper\" aria-hidden=\"true\"><i class=\"fa-fusion-box active-icon awb-icon-minus\" aria-hidden=\"true\"><\/i><i class=\"fa-fusion-box inactive-icon awb-icon-plus\" aria-hidden=\"true\"><\/i><\/span><span class=\"fusion-toggle-heading\">Welches Fundament eignet sich f\u00fcr ein Holzblockhaus?<\/span><\/a><\/h4><\/div><div id=\"8e3d52efb4f227583\" class=\"panel-collapse collapse \" aria-labelledby=\"toggle_8e3d52efb4f227583\"><div class=\"panel-body toggle-content fusion-clearfix\">\n<p>Alle Standartfundamenten f\u00fcr kleine Geb\u00e4ude sind auch f\u00fcr Holzblockh\u00e4user geeignet: Pfosten-, Klebeband- und Plattenfundamente.<\/p>\n<\/div><\/div><\/div><div class=\"fusion-panel panel-default panel-d02002cbb8c5adb9c fusion-toggle-has-divider\"><div class=\"panel-heading\"><h4 class=\"panel-title toggle\" id=\"toggle_d02002cbb8c5adb9c\"><a aria-expanded=\"false\" aria-controls=\"d02002cbb8c5adb9c\" role=\"button\" data-toggle=\"collapse\" data-parent=\"#accordion-1052-1\" data-target=\"#d02002cbb8c5adb9c\" href=\"#d02002cbb8c5adb9c\"><span class=\"fusion-toggle-icon-wrapper\" aria-hidden=\"true\"><i class=\"fa-fusion-box active-icon awb-icon-minus\" aria-hidden=\"true\"><\/i><i class=\"fa-fusion-box inactive-icon awb-icon-plus\" aria-hidden=\"true\"><\/i><\/span><span class=\"fusion-toggle-heading\">Welches Dachmaterial eignet sich f\u00fcr ein Holzblockhaus?<\/span><\/a><\/h4><\/div><div id=\"d02002cbb8c5adb9c\" class=\"panel-collapse collapse \" aria-labelledby=\"toggle_d02002cbb8c5adb9c\"><div class=\"panel-body toggle-content fusion-clearfix\">\n<p>Heute werden alle g\u00e4ngigen Dachmaterialien in Balkebh\u00e4usern verwendet. Die Bauer empfehlen oft ein schweres Steindach, da die Wand schneller senken wird. Nat\u00fcrlich eignen sich traditionelle Materialien wie Schindeln, Sp\u00e4ne und Strohd\u00e4cher sehr gut f\u00fcr Holzblockh\u00e4user.<\/p>\n<\/div><\/div><\/div><div class=\"fusion-panel panel-default panel-899436756cc2e6533 fusion-toggle-has-divider\"><div class=\"panel-heading\"><h4 class=\"panel-title toggle\" id=\"toggle_899436756cc2e6533\"><a aria-expanded=\"false\" aria-controls=\"899436756cc2e6533\" role=\"button\" data-toggle=\"collapse\" data-parent=\"#accordion-1052-1\" data-target=\"#899436756cc2e6533\" href=\"#899436756cc2e6533\"><span class=\"fusion-toggle-icon-wrapper\" aria-hidden=\"true\"><i class=\"fa-fusion-box active-icon awb-icon-minus\" aria-hidden=\"true\"><\/i><i class=\"fa-fusion-box inactive-icon awb-icon-plus\" aria-hidden=\"true\"><\/i><\/span><span class=\"fusion-toggle-heading\">Welches Heizsystem eignet sich f\u00fcr ein Holzblockhaus?<\/span><\/a><\/h4><\/div><div id=\"899436756cc2e6533\" class=\"panel-collapse collapse \" aria-labelledby=\"toggle_899436756cc2e6533\"><div class=\"panel-body toggle-content fusion-clearfix\">\n<p>F\u00fcr Holzblockh\u00e4user sind dieselben Heizsysteme geeignet wie f\u00fcr normale Geb\u00e4ude. Holzblockh\u00e4user sind perfekt f\u00fcr den Kamin geeignet, der in der Regel zus\u00e4tzlich zur Hauptheizung verwendet wird.<\/p>\n<\/div><\/div><\/div><\/div><\/div><div class=\"fusion-clearfix\"><\/div><\/div><\/div><\/div><\/div><\/p>\n","protected":false},"excerpt":{"rendered":"","protected":false},"author":1,"featured_media":0,"parent":0,"menu_order":0,"comment_status":"closed","ping_status":"closed","template":"100-width.php","meta":{"om_disable_all_campaigns":false,"_monsterinsights_skip_tracking":false,"_monsterinsights_sitenote_active":false,"_monsterinsights_sitenote_note":"","_monsterinsights_sitenote_category":0,"_uf_show_specific_survey":0,"_uf_disable_surveys":false,"footnotes":""},"class_list":["post-1052","page","type-page","status-publish","hentry"],"yoast_head":"<!-- This site is optimized with the Yoast SEO Premium plugin v26.8 (Yoast SEO v27.4) - https:\/\/yoast.com\/product\/yoast-seo-premium-wordpress\/ -->\n<title>FAQ | Aampalk<\/title>\n<meta name=\"description\" content=\"Aampalk\" \/>\n<meta name=\"robots\" content=\"index, follow, max-snippet:-1, max-image-preview:large, max-video-preview:-1\" \/>\n<link rel=\"canonical\" href=\"https:\/\/aampalk.ee\/de\/faq\/\" \/>\n<meta property=\"og:locale\" content=\"de_DE\" \/>\n<meta property=\"og:type\" content=\"article\" \/>\n<meta property=\"og:title\" content=\"FAQ\" \/>\n<meta property=\"og:description\" content=\"Aampalk\" \/>\n<meta property=\"og:url\" content=\"https:\/\/aampalk.ee\/de\/faq\/\" \/>\n<meta property=\"og:site_name\" content=\"Aampalk\" \/>\n<meta property=\"article:modified_time\" content=\"2020-07-06T12:20:47+00:00\" \/>\n<meta name=\"twitter:card\" content=\"summary_large_image\" \/>\n<meta name=\"twitter:label1\" content=\"Gesch\u00e4tzte Lesezeit\" \/>\n\t<meta name=\"twitter:data1\" content=\"9\u00a0Minuten\" \/>\n<script type=\"application\/ld+json\" class=\"yoast-schema-graph\">{\"@context\":\"https:\\\/\\\/schema.org\",\"@graph\":[{\"@type\":\"WebPage\",\"@id\":\"https:\\\/\\\/aampalk.ee\\\/de\\\/faq\\\/\",\"url\":\"https:\\\/\\\/aampalk.ee\\\/de\\\/faq\\\/\",\"name\":\"FAQ | Aampalk\",\"isPartOf\":{\"@id\":\"https:\\\/\\\/aampalk.ee\\\/de\\\/#website\"},\"datePublished\":\"2020-04-06T12:58:45+00:00\",\"dateModified\":\"2020-07-06T12:20:47+00:00\",\"description\":\"Aampalk\",\"breadcrumb\":{\"@id\":\"https:\\\/\\\/aampalk.ee\\\/de\\\/faq\\\/#breadcrumb\"},\"inLanguage\":\"de\",\"potentialAction\":[{\"@type\":\"ReadAction\",\"target\":[\"https:\\\/\\\/aampalk.ee\\\/de\\\/faq\\\/\"]}]},{\"@type\":\"BreadcrumbList\",\"@id\":\"https:\\\/\\\/aampalk.ee\\\/de\\\/faq\\\/#breadcrumb\",\"itemListElement\":[{\"@type\":\"ListItem\",\"position\":1,\"name\":\"Home\",\"item\":\"https:\\\/\\\/aampalk.ee\\\/de\\\/\"},{\"@type\":\"ListItem\",\"position\":2,\"name\":\"FAQ\"}]},{\"@type\":\"WebSite\",\"@id\":\"https:\\\/\\\/aampalk.ee\\\/de\\\/#website\",\"url\":\"https:\\\/\\\/aampalk.ee\\\/de\\\/\",\"name\":\"Aampalk\",\"description\":\"Kvaliteetsed puitmajad\",\"publisher\":{\"@id\":\"https:\\\/\\\/aampalk.ee\\\/de\\\/#organization\"},\"potentialAction\":[{\"@type\":\"SearchAction\",\"target\":{\"@type\":\"EntryPoint\",\"urlTemplate\":\"https:\\\/\\\/aampalk.ee\\\/de\\\/?s={search_term_string}\"},\"query-input\":{\"@type\":\"PropertyValueSpecification\",\"valueRequired\":true,\"valueName\":\"search_term_string\"}}],\"inLanguage\":\"de\"},{\"@type\":\"Organization\",\"@id\":\"https:\\\/\\\/aampalk.ee\\\/de\\\/#organization\",\"name\":\"Aampalk Fin\",\"url\":\"https:\\\/\\\/aampalk.ee\\\/de\\\/\",\"logo\":{\"@type\":\"ImageObject\",\"inLanguage\":\"de\",\"@id\":\"https:\\\/\\\/aampalk.ee\\\/de\\\/#\\\/schema\\\/logo\\\/image\\\/\",\"url\":\"https:\\\/\\\/aampalk.ee\\\/wp-content\\\/uploads\\\/2020\\\/06\\\/aampalk_logo_retina.png\",\"contentUrl\":\"https:\\\/\\\/aampalk.ee\\\/wp-content\\\/uploads\\\/2020\\\/06\\\/aampalk_logo_retina.png\",\"width\":478,\"height\":180,\"caption\":\"Aampalk Fin\"},\"image\":{\"@id\":\"https:\\\/\\\/aampalk.ee\\\/de\\\/#\\\/schema\\\/logo\\\/image\\\/\"}}]}<\/script>\n<!-- \/ Yoast SEO Premium plugin. -->","yoast_head_json":{"title":"FAQ | Aampalk","description":"Aampalk","robots":{"index":"index","follow":"follow","max-snippet":"max-snippet:-1","max-image-preview":"max-image-preview:large","max-video-preview":"max-video-preview:-1"},"canonical":"https:\/\/aampalk.ee\/de\/faq\/","og_locale":"de_DE","og_type":"article","og_title":"FAQ","og_description":"Aampalk","og_url":"https:\/\/aampalk.ee\/de\/faq\/","og_site_name":"Aampalk","article_modified_time":"2020-07-06T12:20:47+00:00","twitter_card":"summary_large_image","twitter_misc":{"Gesch\u00e4tzte Lesezeit":"9\u00a0Minuten"},"schema":{"@context":"https:\/\/schema.org","@graph":[{"@type":"WebPage","@id":"https:\/\/aampalk.ee\/de\/faq\/","url":"https:\/\/aampalk.ee\/de\/faq\/","name":"FAQ | Aampalk","isPartOf":{"@id":"https:\/\/aampalk.ee\/de\/#website"},"datePublished":"2020-04-06T12:58:45+00:00","dateModified":"2020-07-06T12:20:47+00:00","description":"Aampalk","breadcrumb":{"@id":"https:\/\/aampalk.ee\/de\/faq\/#breadcrumb"},"inLanguage":"de","potentialAction":[{"@type":"ReadAction","target":["https:\/\/aampalk.ee\/de\/faq\/"]}]},{"@type":"BreadcrumbList","@id":"https:\/\/aampalk.ee\/de\/faq\/#breadcrumb","itemListElement":[{"@type":"ListItem","position":1,"name":"Home","item":"https:\/\/aampalk.ee\/de\/"},{"@type":"ListItem","position":2,"name":"FAQ"}]},{"@type":"WebSite","@id":"https:\/\/aampalk.ee\/de\/#website","url":"https:\/\/aampalk.ee\/de\/","name":"Aampalk","description":"Kvaliteetsed puitmajad","publisher":{"@id":"https:\/\/aampalk.ee\/de\/#organization"},"potentialAction":[{"@type":"SearchAction","target":{"@type":"EntryPoint","urlTemplate":"https:\/\/aampalk.ee\/de\/?s={search_term_string}"},"query-input":{"@type":"PropertyValueSpecification","valueRequired":true,"valueName":"search_term_string"}}],"inLanguage":"de"},{"@type":"Organization","@id":"https:\/\/aampalk.ee\/de\/#organization","name":"Aampalk Fin","url":"https:\/\/aampalk.ee\/de\/","logo":{"@type":"ImageObject","inLanguage":"de","@id":"https:\/\/aampalk.ee\/de\/#\/schema\/logo\/image\/","url":"https:\/\/aampalk.ee\/wp-content\/uploads\/2020\/06\/aampalk_logo_retina.png","contentUrl":"https:\/\/aampalk.ee\/wp-content\/uploads\/2020\/06\/aampalk_logo_retina.png","width":478,"height":180,"caption":"Aampalk Fin"},"image":{"@id":"https:\/\/aampalk.ee\/de\/#\/schema\/logo\/image\/"}}]}},"_links":{"self":[{"href":"https:\/\/aampalk.ee\/de\/wp-json\/wp\/v2\/pages\/1052","targetHints":{"allow":["GET"]}}],"collection":[{"href":"https:\/\/aampalk.ee\/de\/wp-json\/wp\/v2\/pages"}],"about":[{"href":"https:\/\/aampalk.ee\/de\/wp-json\/wp\/v2\/types\/page"}],"author":[{"embeddable":true,"href":"https:\/\/aampalk.ee\/de\/wp-json\/wp\/v2\/users\/1"}],"replies":[{"embeddable":true,"href":"https:\/\/aampalk.ee\/de\/wp-json\/wp\/v2\/comments?post=1052"}],"version-history":[{"count":0,"href":"https:\/\/aampalk.ee\/de\/wp-json\/wp\/v2\/pages\/1052\/revisions"}],"wp:attachment":[{"href":"https:\/\/aampalk.ee\/de\/wp-json\/wp\/v2\/media?parent=1052"}],"curies":[{"name":"wp","href":"https:\/\/api.w.org\/{rel}","templated":true}]}}