{"id":1147,"date":"2020-05-29T08:56:34","date_gmt":"2020-05-29T08:56:34","guid":{"rendered":"https:\/\/aampalk.ee\/tuupprojektid\/aampalk-132\/"},"modified":"2020-06-17T07:27:02","modified_gmt":"2020-06-17T07:27:02","slug":"aampalk-132","status":"publish","type":"page","link":"https:\/\/aampalk.ee\/de\/standardprojekte\/aampalk-132\/","title":{"rendered":"Aampalk 132"},"content":{"rendered":"<p><div class=\"fusion-fullwidth fullwidth-box fusion-builder-row-1 nonhundred-percent-fullwidth non-hundred-percent-height-scrolling\" style=\"--awb-border-radius-top-left:0px;--awb-border-radius-top-right:0px;--awb-border-radius-bottom-right:0px;--awb-border-radius-bottom-left:0px;--awb-padding-right:25%;--awb-padding-bottom:20px;--awb-padding-left:25%;--awb-flex-wrap:wrap;\" ><div class=\"fusion-builder-row fusion-row\"><div class=\"fusion-layout-column fusion_builder_column fusion-builder-column-0 fusion_builder_column_2_5 2_5 fusion-two-fifth fusion-column-first\" style=\"--awb-bg-size:cover;width:40%;width:calc(40% - ( ( 4% ) * 0.4 ) );margin-right: 4%;\"><div class=\"fusion-column-wrapper fusion-column-has-shadow fusion-flex-column-wrapper-legacy\"><div class=\"fusion-title title fusion-title-1 fusion-sep-none fusion-title-text fusion-title-size-one\" style=\"--awb-margin-bottom:0px;\"><h1 class=\"fusion-title-heading title-heading-left\" style=\"margin:0;\">Aampalk 132<\/h1><\/div><div class=\"fusion-sep-clear\"><\/div><div class=\"fusion-separator fusion-clearfix\" style=\"float:left;margin-top:20px;margin-bottom:20px;width:100%;max-width:12%;\"><div class=\"fusion-separator-border sep-single sep-solid\" style=\"--awb-height:20px;--awb-amount:20px;border-color:#757f78;border-top-width:2px;\"><\/div><\/div><div class=\"fusion-sep-clear\"><\/div><div class=\"fusion-text fusion-text-1\"><p>Eine gro\u00dfartige M\u00f6glichkeit, ein warmes und gem\u00fctliches Zuhause mit einem guten Raumklima zu genie\u00dfen. Holzmaterial sch\u00f6pft ein angenehmes und gesundes Lebensumfeld. W\u00e4hlen Sie ein der gegebenen Projekte und wir werden es nach Ihren W\u00fcnschen durchf\u00fchren. <strong>Alle unsere Projekte k\u00f6nnen sowohl als Gehalt als auch als Elementhaus umgesetzt werden.<\/strong><\/p>\n<\/div><div class=\"fusion-clearfix\"><\/div><\/div><\/div><div class=\"fusion-layout-column fusion_builder_column fusion-builder-column-1 fusion_builder_column_3_5 3_5 fusion-three-fifth fusion-column-last\" style=\"--awb-bg-size:cover;width:60%;width:calc(60% - ( ( 4% ) * 0.6 ) );\"><div class=\"fusion-column-wrapper fusion-column-has-shadow fusion-flex-column-wrapper-legacy\"><div class=\"fusion-image-element in-legacy-container\" style=\"--awb-caption-title-font-family:var(--h2_typography-font-family);--awb-caption-title-font-weight:var(--h2_typography-font-weight);--awb-caption-title-font-style:var(--h2_typography-font-style);--awb-caption-title-size:var(--h2_typography-font-size);--awb-caption-title-transform:var(--h2_typography-text-transform);--awb-caption-title-line-height:var(--h2_typography-line-height);--awb-caption-title-letter-spacing:var(--h2_typography-letter-spacing);\"><span class=\" fusion-imageframe imageframe-none imageframe-1 hover-type-none\"><a href=\"https:\/\/aampalk.ee\/wp-content\/uploads\/2020\/05\/Aampalk-132-suur.gif\" class=\"fusion-lightbox\" data-rel=\"iLightbox[03153d8be689c58dbeb]\" data-title=\"Aampalk 132\" title=\"Aampalk 132\"><img decoding=\"async\" width=\"700\" height=\"373\" src=\"https:\/\/aampalk.ee\/wp-content\/uploads\/2020\/05\/Aampalk-132-suur.gif\" alt class=\"img-responsive wp-image-1154\"\/><\/a><\/span><\/div><div class=\"fusion-clearfix\"><\/div><\/div><\/div><\/div><\/div><div class=\"fusion-fullwidth fullwidth-box fusion-builder-row-2 nonhundred-percent-fullwidth non-hundred-percent-height-scrolling fusion-equal-height-columns\" style=\"--awb-border-radius-top-left:0px;--awb-border-radius-top-right:0px;--awb-border-radius-bottom-right:0px;--awb-border-radius-bottom-left:0px;--awb-padding-top:40px;--awb-padding-right:25%;--awb-padding-bottom:20px;--awb-padding-left:25%;--awb-flex-wrap:wrap;\" ><div class=\"fusion-builder-row fusion-row\"><div class=\"fusion-layout-column fusion_builder_column fusion-builder-column-2 fusion_builder_column_1_3 1_3 fusion-one-third fusion-column-first\" style=\"--awb-bg-size:cover;width:33.333333333333%;width:calc(33.333333333333% - ( ( 4% + 4% ) * 0.33333333333333 ) );margin-right: 4%;\"><div class=\"fusion-column-wrapper fusion-column-has-shadow fusion-flex-column-wrapper-legacy\"><div class=\"fusion-column-content-centered\"><div class=\"fusion-column-content\"><div class=\"fusion-image-element in-legacy-container\" style=\"--awb-caption-title-font-family:var(--h2_typography-font-family);--awb-caption-title-font-weight:var(--h2_typography-font-weight);--awb-caption-title-font-style:var(--h2_typography-font-style);--awb-caption-title-size:var(--h2_typography-font-size);--awb-caption-title-transform:var(--h2_typography-text-transform);--awb-caption-title-line-height:var(--h2_typography-line-height);--awb-caption-title-letter-spacing:var(--h2_typography-letter-spacing);\"><span class=\" fusion-imageframe imageframe-none imageframe-2 hover-type-none\"><a href=\"https:\/\/aampalk.ee\/wp-content\/uploads\/2020\/05\/Aampalk-132-plaan-1.gif\" class=\"fusion-lightbox\" data-rel=\"iLightbox[a22cfdc3b158a1fe98b]\" data-title=\"Aampalk 132\" title=\"Aampalk 132\"><img decoding=\"async\" width=\"700\" height=\"605\" src=\"https:\/\/aampalk.ee\/wp-content\/uploads\/2020\/05\/Aampalk-132-plaan-1.gif\" alt class=\"img-responsive wp-image-1153\"\/><\/a><\/span><\/div><\/div><\/div><div class=\"fusion-clearfix\"><\/div><\/div><\/div><div class=\"fusion-layout-column fusion_builder_column fusion-builder-column-3 fusion_builder_column_1_3 1_3 fusion-one-third\" style=\"--awb-bg-size:cover;width:33.333333333333%;width:calc(33.333333333333% - ( ( 4% + 4% ) * 0.33333333333333 ) );margin-right: 4%;\"><div class=\"fusion-column-wrapper fusion-column-has-shadow fusion-flex-column-wrapper-legacy\"><div class=\"fusion-column-content-centered\"><div class=\"fusion-column-content\"><div class=\"fusion-image-element in-legacy-container\" style=\"--awb-caption-title-font-family:var(--h2_typography-font-family);--awb-caption-title-font-weight:var(--h2_typography-font-weight);--awb-caption-title-font-style:var(--h2_typography-font-style);--awb-caption-title-size:var(--h2_typography-font-size);--awb-caption-title-transform:var(--h2_typography-text-transform);--awb-caption-title-line-height:var(--h2_typography-line-height);--awb-caption-title-letter-spacing:var(--h2_typography-letter-spacing);\"><span class=\" fusion-imageframe imageframe-none imageframe-3 hover-type-none\"><a href=\"https:\/\/aampalk.ee\/wp-content\/uploads\/2020\/05\/Aampalk-132-plaan-2.gif\" class=\"fusion-lightbox\" data-rel=\"iLightbox[d00a836657eff19b403]\" data-title=\"Aampalk 132\" title=\"Aampalk 132\"><img decoding=\"async\" width=\"700\" height=\"605\" src=\"https:\/\/aampalk.ee\/wp-content\/uploads\/2020\/05\/Aampalk-132-plaan-2.gif\" alt class=\"img-responsive wp-image-1152\"\/><\/a><\/span><\/div><\/div><\/div><div class=\"fusion-clearfix\"><\/div><\/div><\/div><div class=\"fusion-layout-column fusion_builder_column fusion-builder-column-4 fusion_builder_column_1_3 1_3 fusion-one-third fusion-column-last\" style=\"--awb-bg-size:cover;width:33.333333333333%;width:calc(33.333333333333% - ( ( 4% + 4% ) * 0.33333333333333 ) );\"><div class=\"fusion-column-wrapper fusion-column-has-shadow fusion-flex-column-wrapper-legacy\"><div class=\"fusion-column-content-centered\"><div class=\"fusion-column-content\"><div class=\"fusion-title title fusion-title-2 fusion-sep-none fusion-title-text fusion-title-size-two\" style=\"--awb-margin-bottom:0px;\"><h2 class=\"fusion-title-heading title-heading-left\" style=\"margin:0;\">Plan und Ma\u00dfe<\/h2><\/div><div class=\"fusion-sep-clear\"><\/div><div class=\"fusion-separator fusion-clearfix\" style=\"float:left;margin-top:20px;margin-bottom:20px;width:100%;max-width:12%;\"><div class=\"fusion-separator-border sep-single sep-solid\" style=\"--awb-height:20px;--awb-amount:20px;border-color:#757f78;border-top-width:2px;\"><\/div><\/div><div class=\"fusion-sep-clear\"><\/div><div class=\"fusion-text fusion-text-2\"><p>Gesamtes Gebiet: 140 m\u00b2<br \/>\nErdgeschoss: 85 m\u00b2<br \/>\nZweiter Stock: 35.5 m\u00b2<br \/>\nTerrasse: 20 m\u00b2<\/p>\n<\/div><\/div><\/div><div class=\"fusion-clearfix\"><\/div><\/div><\/div><\/div><\/div><div class=\"fusion-fullwidth fullwidth-box fusion-builder-row-3 nonhundred-percent-fullwidth non-hundred-percent-height-scrolling\" style=\"--awb-border-radius-top-left:0px;--awb-border-radius-top-right:0px;--awb-border-radius-bottom-right:0px;--awb-border-radius-bottom-left:0px;--awb-padding-top:50px;--awb-padding-right:25%;--awb-padding-bottom:50px;--awb-padding-left:25%;--awb-background-color:#f4f4f4;--awb-flex-wrap:wrap;\" ><div class=\"fusion-builder-row fusion-row\"><div class=\"fusion-layout-column fusion_builder_column fusion-builder-column-5 fusion_builder_column_1_2 1_2 fusion-one-half fusion-column-first\" style=\"--awb-bg-size:cover;width:50%;width:calc(50% - ( ( 4% ) * 0.5 ) );margin-right: 4%;\"><div class=\"fusion-column-wrapper fusion-column-has-shadow fusion-flex-column-wrapper-legacy\"><div class=\"fusion-title title fusion-title-3 fusion-sep-none fusion-title-text fusion-title-size-two\" style=\"--awb-margin-bottom:0px;\"><h2 class=\"fusion-title-heading title-heading-left\" style=\"margin:0;\">Informations- und Preisanfrage<\/h2><\/div><div class=\"fusion-sep-clear\"><\/div><div class=\"fusion-separator fusion-clearfix\" style=\"float:left;margin-top:20px;margin-bottom:20px;width:100%;max-width:12%;\"><div class=\"fusion-separator-border sep-single sep-solid\" style=\"--awb-height:20px;--awb-amount:20px;border-color:#757f78;border-top-width:2px;\"><\/div><\/div><div class=\"fusion-sep-clear\"><\/div>\n<div class=\"wpcf7 no-js\" id=\"wpcf7-f1432-o1\" lang=\"et\" dir=\"ltr\" data-wpcf7-id=\"1432\">\n<div class=\"screen-reader-response\"><p role=\"status\" aria-live=\"polite\" aria-atomic=\"true\"><\/p> <ul><\/ul><\/div>\n<form action=\"\/de\/wp-json\/wp\/v2\/pages\/1147#wpcf7-f1432-o1\" method=\"post\" class=\"wpcf7-form init\" aria-label=\"Contact form\" novalidate=\"novalidate\" data-status=\"init\">\n<fieldset class=\"hidden-fields-container\"><input type=\"hidden\" name=\"_wpcf7\" value=\"1432\" \/><input type=\"hidden\" name=\"_wpcf7_version\" value=\"6.1.4\" \/><input type=\"hidden\" name=\"_wpcf7_locale\" value=\"et\" \/><input type=\"hidden\" name=\"_wpcf7_unit_tag\" value=\"wpcf7-f1432-o1\" \/><input type=\"hidden\" name=\"_wpcf7_container_post\" value=\"0\" \/><input type=\"hidden\" name=\"_wpcf7_posted_data_hash\" value=\"\" \/><input type=\"hidden\" name=\"_wpcf7_recaptcha_response\" value=\"\" \/>\n<\/fieldset>\n<p><label> Name (erforderlich)<br \/>\n<span class=\"wpcf7-form-control-wrap\" data-name=\"your-name\"><input size=\"40\" maxlength=\"400\" class=\"wpcf7-form-control wpcf7-text wpcf7-validates-as-required\" aria-required=\"true\" aria-invalid=\"false\" value=\"\" type=\"text\" name=\"your-name\" \/><\/span> <\/label>\n<\/p>\n<p><label> E-Mail (erforderlich)<br \/>\n<span class=\"wpcf7-form-control-wrap\" data-name=\"your-email\"><input size=\"40\" maxlength=\"400\" class=\"wpcf7-form-control wpcf7-email wpcf7-validates-as-required wpcf7-text wpcf7-validates-as-email\" aria-required=\"true\" aria-invalid=\"false\" value=\"\" type=\"email\" name=\"your-email\" \/><\/span> <\/label>\n<\/p>\n<p><label> Betreff<br \/>\n<span class=\"wpcf7-form-control-wrap\" data-name=\"your-subject\"><input size=\"40\" maxlength=\"400\" class=\"wpcf7-form-control wpcf7-text\" aria-invalid=\"false\" value=\"\" type=\"text\" name=\"your-subject\" \/><\/span> <\/label>\n<\/p>\n<p><label> Nachricht<br \/>\n<span class=\"wpcf7-form-control-wrap\" data-name=\"your-message\"><textarea cols=\"40\" rows=\"10\" maxlength=\"2000\" class=\"wpcf7-form-control wpcf7-textarea\" aria-invalid=\"false\" name=\"your-message\"><\/textarea><\/span> <\/label>\n<\/p>\n<p><input class=\"wpcf7-form-control wpcf7-submit has-spinner\" type=\"submit\" value=\"SENDEN\" \/>\n<\/p><div class=\"fusion-alert alert custom alert-custom fusion-alert-center wpcf7-response-output fusion-alert-capitalize awb-alert-native-link-color alert-dismissable awb-alert-close-boxed\" style=\"--awb-border-size:1px;--awb-border-top-left-radius:0px;--awb-border-top-right-radius:0px;--awb-border-bottom-left-radius:0px;--awb-border-bottom-right-radius:0px;\" role=\"alert\"><div class=\"fusion-alert-content-wrapper\"><span class=\"fusion-alert-content\"><\/span><\/div><button type=\"button\" class=\"close toggle-alert\" data-dismiss=\"alert\" aria-label=\"Close\">&times;<\/button><\/div>\n<\/form>\n<\/div>\n<div class=\"fusion-clearfix\"><\/div><\/div><\/div><div class=\"fusion-layout-column fusion_builder_column fusion-builder-column-6 fusion_builder_column_1_2 1_2 fusion-one-half fusion-column-last\" style=\"--awb-bg-size:cover;width:50%;width:calc(50% - ( ( 4% ) * 0.5 ) );\"><div class=\"fusion-column-wrapper fusion-column-has-shadow fusion-flex-column-wrapper-legacy\"><div class=\"fusion-title title fusion-title-4 fusion-sep-none fusion-title-text fusion-title-size-two\" style=\"--awb-margin-bottom:0px;\"><h2 class=\"fusion-title-heading title-heading-left\" style=\"margin:0;\">Kontakt<\/h2><\/div><div class=\"fusion-sep-clear\"><\/div><div class=\"fusion-separator fusion-clearfix\" style=\"float:left;margin-top:20px;margin-bottom:20px;width:100%;max-width:12%;\"><div class=\"fusion-separator-border sep-single sep-solid\" style=\"--awb-height:20px;--awb-amount:20px;border-color:#757f78;border-top-width:2px;\"><\/div><\/div><div class=\"fusion-sep-clear\"><\/div><div class=\"fusion-text fusion-text-3\"><p>O\u00dc Aampalk FIN<\/p>\n<p>Die Hauptt\u00e4tigkeit des Unternehmens ist die Planung, Herstellung und Errichtung von Holzblockh\u00e4usern. Wir bieten unseren Kunden Holzblockh\u00e4user nach dem Prinzip an, dass alle Kundenw\u00fcnsche realisierbar sind. Daher umfasst unsere Produktpalette sowohl traditionelles Handwerk als auch moderne Maschinenproduktion.<\/p>\n<p>Adresse: Raja Keskus 11,\u00a076901 Tabasalu, Harjumaa, Estland<\/p>\n<p>Reg.Nr.: 11903805<br \/>\nUID-Nr.: EE101353481<\/p>\n<p>Tel.: +372 566 94 972<br \/>\nFax: +372 605 48 92<br \/>\nE-Mail:\u00a0<a href=\"mailto:info@aampalk.ee\">info@aampalk.ee<\/a><\/p>\n<\/div><div class=\"fusion-clearfix\"><\/div><\/div><\/div><\/div><\/div>\n<\/p>\n","protected":false},"excerpt":{"rendered":"","protected":false},"author":1,"featured_media":0,"parent":954,"menu_order":0,"comment_status":"closed","ping_status":"closed","template":"100-width.php","meta":{"om_disable_all_campaigns":false,"_monsterinsights_skip_tracking":false,"_monsterinsights_sitenote_active":false,"_monsterinsights_sitenote_note":"","_monsterinsights_sitenote_category":0,"_uf_show_specific_survey":0,"_uf_disable_surveys":false,"footnotes":""},"class_list":["post-1147","page","type-page","status-publish","hentry"],"yoast_head":"<!-- This site is optimized with the Yoast SEO Premium plugin v26.8 (Yoast SEO v27.3) - https:\/\/yoast.com\/product\/yoast-seo-premium-wordpress\/ -->\n<title>Aampalk 132 | Aampalk<\/title>\n<meta name=\"description\" content=\"Aampalk\" \/>\n<meta name=\"robots\" content=\"index, follow, max-snippet:-1, max-image-preview:large, max-video-preview:-1\" \/>\n<link rel=\"canonical\" href=\"https:\/\/aampalk.ee\/de\/standardprojekte\/aampalk-132\/\" \/>\n<meta property=\"og:locale\" content=\"de_DE\" \/>\n<meta property=\"og:type\" content=\"article\" \/>\n<meta property=\"og:title\" content=\"Aampalk 132\" \/>\n<meta property=\"og:description\" content=\"Aampalk\" \/>\n<meta property=\"og:url\" content=\"https:\/\/aampalk.ee\/de\/standardprojekte\/aampalk-132\/\" \/>\n<meta property=\"og:site_name\" content=\"Aampalk\" \/>\n<meta property=\"article:modified_time\" content=\"2020-06-17T07:27:02+00:00\" \/>\n<meta name=\"twitter:card\" content=\"summary_large_image\" \/>\n<meta name=\"twitter:label1\" content=\"Gesch\u00e4tzte Lesezeit\" \/>\n\t<meta name=\"twitter:data1\" content=\"9\u00a0Minuten\" \/>\n<script type=\"application\/ld+json\" class=\"yoast-schema-graph\">{\"@context\":\"https:\\\/\\\/schema.org\",\"@graph\":[{\"@type\":\"WebPage\",\"@id\":\"https:\\\/\\\/aampalk.ee\\\/de\\\/standardprojekte\\\/aampalk-132\\\/\",\"url\":\"https:\\\/\\\/aampalk.ee\\\/de\\\/standardprojekte\\\/aampalk-132\\\/\",\"name\":\"Aampalk 132 | Aampalk\",\"isPartOf\":{\"@id\":\"https:\\\/\\\/aampalk.ee\\\/de\\\/#website\"},\"datePublished\":\"2020-05-29T08:56:34+00:00\",\"dateModified\":\"2020-06-17T07:27:02+00:00\",\"description\":\"Aampalk\",\"breadcrumb\":{\"@id\":\"https:\\\/\\\/aampalk.ee\\\/de\\\/standardprojekte\\\/aampalk-132\\\/#breadcrumb\"},\"inLanguage\":\"de\",\"potentialAction\":[{\"@type\":\"ReadAction\",\"target\":[\"https:\\\/\\\/aampalk.ee\\\/de\\\/standardprojekte\\\/aampalk-132\\\/\"]}]},{\"@type\":\"BreadcrumbList\",\"@id\":\"https:\\\/\\\/aampalk.ee\\\/de\\\/standardprojekte\\\/aampalk-132\\\/#breadcrumb\",\"itemListElement\":[{\"@type\":\"ListItem\",\"position\":1,\"name\":\"Home\",\"item\":\"https:\\\/\\\/aampalk.ee\\\/de\\\/\"},{\"@type\":\"ListItem\",\"position\":2,\"name\":\"STANDARDPROJEKTE\",\"item\":\"https:\\\/\\\/aampalk.ee\\\/de\\\/standardprojekte\\\/\"},{\"@type\":\"ListItem\",\"position\":3,\"name\":\"Aampalk 132\"}]},{\"@type\":\"WebSite\",\"@id\":\"https:\\\/\\\/aampalk.ee\\\/de\\\/#website\",\"url\":\"https:\\\/\\\/aampalk.ee\\\/de\\\/\",\"name\":\"Aampalk\",\"description\":\"Kvaliteetsed puitmajad\",\"publisher\":{\"@id\":\"https:\\\/\\\/aampalk.ee\\\/de\\\/#organization\"},\"potentialAction\":[{\"@type\":\"SearchAction\",\"target\":{\"@type\":\"EntryPoint\",\"urlTemplate\":\"https:\\\/\\\/aampalk.ee\\\/de\\\/?s={search_term_string}\"},\"query-input\":{\"@type\":\"PropertyValueSpecification\",\"valueRequired\":true,\"valueName\":\"search_term_string\"}}],\"inLanguage\":\"de\"},{\"@type\":\"Organization\",\"@id\":\"https:\\\/\\\/aampalk.ee\\\/de\\\/#organization\",\"name\":\"Aampalk Fin\",\"url\":\"https:\\\/\\\/aampalk.ee\\\/de\\\/\",\"logo\":{\"@type\":\"ImageObject\",\"inLanguage\":\"de\",\"@id\":\"https:\\\/\\\/aampalk.ee\\\/de\\\/#\\\/schema\\\/logo\\\/image\\\/\",\"url\":\"https:\\\/\\\/aampalk.ee\\\/wp-content\\\/uploads\\\/2020\\\/06\\\/aampalk_logo_retina.png\",\"contentUrl\":\"https:\\\/\\\/aampalk.ee\\\/wp-content\\\/uploads\\\/2020\\\/06\\\/aampalk_logo_retina.png\",\"width\":478,\"height\":180,\"caption\":\"Aampalk Fin\"},\"image\":{\"@id\":\"https:\\\/\\\/aampalk.ee\\\/de\\\/#\\\/schema\\\/logo\\\/image\\\/\"}}]}<\/script>\n<!-- \/ Yoast SEO Premium plugin. -->","yoast_head_json":{"title":"Aampalk 132 | Aampalk","description":"Aampalk","robots":{"index":"index","follow":"follow","max-snippet":"max-snippet:-1","max-image-preview":"max-image-preview:large","max-video-preview":"max-video-preview:-1"},"canonical":"https:\/\/aampalk.ee\/de\/standardprojekte\/aampalk-132\/","og_locale":"de_DE","og_type":"article","og_title":"Aampalk 132","og_description":"Aampalk","og_url":"https:\/\/aampalk.ee\/de\/standardprojekte\/aampalk-132\/","og_site_name":"Aampalk","article_modified_time":"2020-06-17T07:27:02+00:00","twitter_card":"summary_large_image","twitter_misc":{"Gesch\u00e4tzte Lesezeit":"9\u00a0Minuten"},"schema":{"@context":"https:\/\/schema.org","@graph":[{"@type":"WebPage","@id":"https:\/\/aampalk.ee\/de\/standardprojekte\/aampalk-132\/","url":"https:\/\/aampalk.ee\/de\/standardprojekte\/aampalk-132\/","name":"Aampalk 132 | Aampalk","isPartOf":{"@id":"https:\/\/aampalk.ee\/de\/#website"},"datePublished":"2020-05-29T08:56:34+00:00","dateModified":"2020-06-17T07:27:02+00:00","description":"Aampalk","breadcrumb":{"@id":"https:\/\/aampalk.ee\/de\/standardprojekte\/aampalk-132\/#breadcrumb"},"inLanguage":"de","potentialAction":[{"@type":"ReadAction","target":["https:\/\/aampalk.ee\/de\/standardprojekte\/aampalk-132\/"]}]},{"@type":"BreadcrumbList","@id":"https:\/\/aampalk.ee\/de\/standardprojekte\/aampalk-132\/#breadcrumb","itemListElement":[{"@type":"ListItem","position":1,"name":"Home","item":"https:\/\/aampalk.ee\/de\/"},{"@type":"ListItem","position":2,"name":"STANDARDPROJEKTE","item":"https:\/\/aampalk.ee\/de\/standardprojekte\/"},{"@type":"ListItem","position":3,"name":"Aampalk 132"}]},{"@type":"WebSite","@id":"https:\/\/aampalk.ee\/de\/#website","url":"https:\/\/aampalk.ee\/de\/","name":"Aampalk","description":"Kvaliteetsed puitmajad","publisher":{"@id":"https:\/\/aampalk.ee\/de\/#organization"},"potentialAction":[{"@type":"SearchAction","target":{"@type":"EntryPoint","urlTemplate":"https:\/\/aampalk.ee\/de\/?s={search_term_string}"},"query-input":{"@type":"PropertyValueSpecification","valueRequired":true,"valueName":"search_term_string"}}],"inLanguage":"de"},{"@type":"Organization","@id":"https:\/\/aampalk.ee\/de\/#organization","name":"Aampalk Fin","url":"https:\/\/aampalk.ee\/de\/","logo":{"@type":"ImageObject","inLanguage":"de","@id":"https:\/\/aampalk.ee\/de\/#\/schema\/logo\/image\/","url":"https:\/\/aampalk.ee\/wp-content\/uploads\/2020\/06\/aampalk_logo_retina.png","contentUrl":"https:\/\/aampalk.ee\/wp-content\/uploads\/2020\/06\/aampalk_logo_retina.png","width":478,"height":180,"caption":"Aampalk Fin"},"image":{"@id":"https:\/\/aampalk.ee\/de\/#\/schema\/logo\/image\/"}}]}},"_links":{"self":[{"href":"https:\/\/aampalk.ee\/de\/wp-json\/wp\/v2\/pages\/1147","targetHints":{"allow":["GET"]}}],"collection":[{"href":"https:\/\/aampalk.ee\/de\/wp-json\/wp\/v2\/pages"}],"about":[{"href":"https:\/\/aampalk.ee\/de\/wp-json\/wp\/v2\/types\/page"}],"author":[{"embeddable":true,"href":"https:\/\/aampalk.ee\/de\/wp-json\/wp\/v2\/users\/1"}],"replies":[{"embeddable":true,"href":"https:\/\/aampalk.ee\/de\/wp-json\/wp\/v2\/comments?post=1147"}],"version-history":[{"count":0,"href":"https:\/\/aampalk.ee\/de\/wp-json\/wp\/v2\/pages\/1147\/revisions"}],"up":[{"embeddable":true,"href":"https:\/\/aampalk.ee\/de\/wp-json\/wp\/v2\/pages\/954"}],"wp:attachment":[{"href":"https:\/\/aampalk.ee\/de\/wp-json\/wp\/v2\/media?parent=1147"}],"curies":[{"name":"wp","href":"https:\/\/api.w.org\/{rel}","templated":true}]}}