{"id":938,"date":"2020-04-06T12:57:37","date_gmt":"2020-04-06T12:57:37","guid":{"rendered":"https:\/\/aampalk.ee\/tooted\/"},"modified":"2020-07-06T12:17:26","modified_gmt":"2020-07-06T12:17:26","slug":"produkte","status":"publish","type":"page","link":"https:\/\/aampalk.ee\/de\/produkte\/","title":{"rendered":"PRODUKTE"},"content":{"rendered":"<p><div class=\"fusion-fullwidth fullwidth-box fusion-builder-row-1 fusion-parallax-none nonhundred-percent-fullwidth non-hundred-percent-height-scrolling\" style=\"--awb-border-radius-top-left:0px;--awb-border-radius-top-right:0px;--awb-border-radius-bottom-right:0px;--awb-border-radius-bottom-left:0px;--awb-padding-top:0px;--awb-padding-right:0px;--awb-padding-bottom:0px;--awb-padding-left:0px;--awb-margin-top:0px;--awb-margin-bottom:50px;--awb-background-image:url(&quot;https:\/\/aampalk.ee\/wp-content\/uploads\/2020\/07\/tooted-min.jpg&quot;);--awb-background-size:cover;--awb-flex-wrap:wrap;\" ><div class=\"fusion-builder-row fusion-row\"><div class=\"fusion-layout-column fusion_builder_column fusion-builder-column-0 fusion_builder_column_1_1 1_1 fusion-one-full fusion-column-first fusion-column-last\" style=\"--awb-bg-size:cover;--awb-margin-top:10%;--awb-margin-bottom:10%;\"><div class=\"fusion-column-wrapper fusion-column-has-shadow fusion-flex-column-wrapper-legacy\"><div class=\"fusion-clearfix\"><\/div><\/div><\/div><\/div><\/div><div class=\"fusion-fullwidth fullwidth-box fusion-builder-row-2 nonhundred-percent-fullwidth non-hundred-percent-height-scrolling\" style=\"--awb-border-radius-top-left:0px;--awb-border-radius-top-right:0px;--awb-border-radius-bottom-right:0px;--awb-border-radius-bottom-left:0px;--awb-padding-right:25%;--awb-padding-left:25%;--awb-flex-wrap:wrap;\" ><div class=\"fusion-builder-row fusion-row\"><div class=\"fusion-layout-column fusion_builder_column fusion-builder-column-1 fusion_builder_column_1_1 1_1 fusion-one-full fusion-column-first fusion-column-last\" style=\"--awb-bg-size:cover;\"><div class=\"fusion-column-wrapper fusion-column-has-shadow fusion-flex-column-wrapper-legacy\"><div class=\"fusion-title title fusion-title-1 fusion-sep-none fusion-title-text fusion-title-size-one\" style=\"--awb-margin-bottom:0px;\"><h1 class=\"fusion-title-heading title-heading-left\" style=\"margin:0;\">PRODUKTE<\/h1><\/div><div class=\"fusion-sep-clear\"><\/div><div class=\"fusion-separator fusion-clearfix\" style=\"float:left;margin-top:20px;margin-bottom:20px;width:100%;max-width:12%;\"><div class=\"fusion-separator-border sep-single sep-solid\" style=\"--awb-height:20px;--awb-amount:20px;border-color:#757f78;border-top-width:2px;\"><\/div><\/div><div class=\"fusion-sep-clear\"><\/div><div class=\"fusion-title title fusion-title-2 fusion-sep-none fusion-title-text fusion-title-size-two\"><h2 class=\"fusion-title-heading title-heading-left\" style=\"margin:0;\">Wandkonstruktionen<\/h2><\/div><div class=\"fusion-text fusion-text-1\"><p>Aus unserer Auswahl an Wandkonstruktionen erhalten Sie die beste L\u00f6sung, entweder aus Hausblockw\u00e4nden oder Holzelementw\u00e4nden. Alle unsere Produkte werden aus hochwertigsten und pr\u00e4zisesten Materialien hergestellt.<\/p>\n<p>Wandbalken sind eine traditionelle und authentische Methode, ein Haus zu bauen. Dar\u00fcber hinaus k\u00f6nnen Balkenw\u00e4nde auch verwendet werden, um sehr moderne und ger\u00e4umige Layoutl\u00f6sungen zu schaffen, die eine echte Blockhausatmosph\u00e4re gew\u00e4hrleisten, die W\u00e4nde \u201eatmen\u201c und dick genug sind, um auch in den harten Wintern der nordischen L\u00e4nder ein angenehmes und gem\u00fctliches Raumklima zu bieten.<\/p>\n<\/div><div class=\"fusion-clearfix\"><\/div><\/div><\/div><\/div><\/div><div class=\"fusion-fullwidth fullwidth-box fusion-builder-row-3 nonhundred-percent-fullwidth non-hundred-percent-height-scrolling\" style=\"--awb-border-radius-top-left:0px;--awb-border-radius-top-right:0px;--awb-border-radius-bottom-right:0px;--awb-border-radius-bottom-left:0px;--awb-padding-right:25%;--awb-padding-left:25%;--awb-flex-wrap:wrap;\" ><div class=\"fusion-builder-row fusion-row\"><div class=\"fusion-layout-column fusion_builder_column fusion-builder-column-2 fusion_builder_column_1_3 1_3 fusion-one-third fusion-column-first\" style=\"--awb-bg-size:cover;width:33.333333333333%;width:calc(33.333333333333% - ( ( 4% + 4% ) * 0.33333333333333 ) );margin-right: 4%;\"><div class=\"fusion-column-wrapper fusion-column-has-shadow fusion-flex-column-wrapper-legacy\"><div class=\"fusion-title title fusion-title-3 fusion-sep-none fusion-title-text fusion-title-size-two\" style=\"--awb-margin-bottom:10px;\"><h2 class=\"fusion-title-heading title-heading-left\" style=\"margin:0;\">Massivholzw\u00e4nde<\/h2><\/div><div class=\"fusion-image-element in-legacy-container\" style=\"--awb-caption-title-font-family:var(--h2_typography-font-family);--awb-caption-title-font-weight:var(--h2_typography-font-weight);--awb-caption-title-font-style:var(--h2_typography-font-style);--awb-caption-title-size:var(--h2_typography-font-size);--awb-caption-title-transform:var(--h2_typography-text-transform);--awb-caption-title-line-height:var(--h2_typography-line-height);--awb-caption-title-letter-spacing:var(--h2_typography-letter-spacing);\"><span class=\" fusion-imageframe imageframe-none imageframe-1 hover-type-none\"><img decoding=\"async\" width=\"428\" height=\"299\" title=\"ymarpalk\" src=\"https:\/\/aampalk.ee\/wp-content\/uploads\/2020\/05\/ymarpalk-1.jpg\" alt class=\"img-responsive wp-image-946\" srcset=\"https:\/\/aampalk.ee\/wp-content\/uploads\/2020\/05\/ymarpalk-1-200x140.jpg 200w, https:\/\/aampalk.ee\/wp-content\/uploads\/2020\/05\/ymarpalk-1-400x279.jpg 400w, https:\/\/aampalk.ee\/wp-content\/uploads\/2020\/05\/ymarpalk-1.jpg 428w\" sizes=\"(max-width: 800px) 100vw, 400px\" \/><\/span><\/div><div class=\"fusion-sep-clear\"><\/div><div class=\"fusion-separator fusion-clearfix\" style=\"float:left;margin-top:10px;margin-bottom:10px;width:100%;max-width:12%;\"><\/div><div class=\"fusion-sep-clear\"><\/div><div class=\"fusion-text fusion-text-2\"><p>Massivholzw\u00e4nde sind Wanddetails aus nat\u00fcrlichem, nachwachsendem Holz. Dieses Material schafft ein gem\u00fctliches und \u00e4u\u00dferst angenehmes Raumklima.<\/p>\n<\/div><div class=\"fusion-clearfix\"><\/div><\/div><\/div><div class=\"fusion-layout-column fusion_builder_column fusion-builder-column-3 fusion_builder_column_1_3 1_3 fusion-one-third\" style=\"--awb-bg-size:cover;width:33.333333333333%;width:calc(33.333333333333% - ( ( 4% + 4% ) * 0.33333333333333 ) );margin-right: 4%;\"><div class=\"fusion-column-wrapper fusion-column-has-shadow fusion-flex-column-wrapper-legacy\"><div class=\"fusion-title title fusion-title-4 fusion-sep-none fusion-title-text fusion-title-size-two\" style=\"--awb-margin-bottom:10px;\"><h2 class=\"fusion-title-heading title-heading-left\" style=\"margin:0;\">Brettschichtholzw\u00e4nde<\/h2><\/div><div class=\"fusion-image-element in-legacy-container\" style=\"--awb-caption-title-font-family:var(--h2_typography-font-family);--awb-caption-title-font-weight:var(--h2_typography-font-weight);--awb-caption-title-font-style:var(--h2_typography-font-style);--awb-caption-title-size:var(--h2_typography-font-size);--awb-caption-title-transform:var(--h2_typography-text-transform);--awb-caption-title-line-height:var(--h2_typography-line-height);--awb-caption-title-letter-spacing:var(--h2_typography-letter-spacing);\"><span class=\" fusion-imageframe imageframe-none imageframe-2 hover-type-none\"><img decoding=\"async\" width=\"428\" height=\"299\" title=\"kanpalk\" src=\"https:\/\/aampalk.ee\/wp-content\/uploads\/2020\/05\/kanpalk-1.jpg\" alt class=\"img-responsive wp-image-945\" srcset=\"https:\/\/aampalk.ee\/wp-content\/uploads\/2020\/05\/kanpalk-1-200x140.jpg 200w, https:\/\/aampalk.ee\/wp-content\/uploads\/2020\/05\/kanpalk-1-400x279.jpg 400w, https:\/\/aampalk.ee\/wp-content\/uploads\/2020\/05\/kanpalk-1.jpg 428w\" sizes=\"(max-width: 800px) 100vw, 400px\" \/><\/span><\/div><div class=\"fusion-sep-clear\"><\/div><div class=\"fusion-separator fusion-clearfix\" style=\"float:left;margin-top:10px;margin-bottom:10px;width:100%;max-width:12%;\"><\/div><div class=\"fusion-sep-clear\"><\/div><div class=\"fusion-text fusion-text-3\"><p>Die Brettschichtholzwandkonstruktion ist stabiler als Massivholz, es treten weniger Risse aufgrund des Trocknens auf. Brettschichtholz erm\u00f6glicht die Verwendung von Wandkonstruktionen mit gr\u00f6\u00dferem Querschnitt.<\/p>\n<\/div><div class=\"fusion-clearfix\"><\/div><\/div><\/div><div class=\"fusion-layout-column fusion_builder_column fusion-builder-column-4 fusion_builder_column_1_3 1_3 fusion-one-third fusion-column-last\" style=\"--awb-bg-size:cover;width:33.333333333333%;width:calc(33.333333333333% - ( ( 4% + 4% ) * 0.33333333333333 ) );\"><div class=\"fusion-column-wrapper fusion-column-has-shadow fusion-flex-column-wrapper-legacy\"><div class=\"fusion-title title fusion-title-5 fusion-sep-none fusion-title-text fusion-title-size-two\" style=\"--awb-margin-bottom:10px;\"><h2 class=\"fusion-title-heading title-heading-left\" style=\"margin:0;\">Elementw\u00e4nde<\/h2><\/div><div class=\"fusion-image-element in-legacy-container\" style=\"--awb-caption-title-font-family:var(--h2_typography-font-family);--awb-caption-title-font-weight:var(--h2_typography-font-weight);--awb-caption-title-font-style:var(--h2_typography-font-style);--awb-caption-title-size:var(--h2_typography-font-size);--awb-caption-title-transform:var(--h2_typography-text-transform);--awb-caption-title-line-height:var(--h2_typography-line-height);--awb-caption-title-letter-spacing:var(--h2_typography-letter-spacing);\"><span class=\" fusion-imageframe imageframe-none imageframe-3 hover-type-none\"><img decoding=\"async\" width=\"428\" height=\"299\" title=\"kalasaba\" src=\"https:\/\/aampalk.ee\/wp-content\/uploads\/2020\/05\/kalasaba.jpg\" alt class=\"img-responsive wp-image-939\" srcset=\"https:\/\/aampalk.ee\/wp-content\/uploads\/2020\/05\/kalasaba-200x140.jpg 200w, https:\/\/aampalk.ee\/wp-content\/uploads\/2020\/05\/kalasaba-400x279.jpg 400w, https:\/\/aampalk.ee\/wp-content\/uploads\/2020\/05\/kalasaba.jpg 428w\" sizes=\"(max-width: 800px) 100vw, 400px\" \/><\/span><\/div><div class=\"fusion-sep-clear\"><\/div><div class=\"fusion-separator fusion-clearfix\" style=\"float:left;margin-top:10px;margin-bottom:10px;width:100%;max-width:12%;\"><\/div><div class=\"fusion-sep-clear\"><\/div><div class=\"fusion-text fusion-text-4\"><p>Fertigh\u00e4user sind eine moderne L\u00f6sung f\u00fcr den Bau eines Hauses aus Konstruktionen, die schnell und unter kontrollierten Bedingungen hergestellt werden.<\/p>\n<\/div><div class=\"fusion-clearfix\"><\/div><\/div><\/div><\/div><\/div><div class=\"fusion-fullwidth fullwidth-box fusion-builder-row-4 nonhundred-percent-fullwidth non-hundred-percent-height-scrolling\" style=\"--awb-border-radius-top-left:0px;--awb-border-radius-top-right:0px;--awb-border-radius-bottom-right:0px;--awb-border-radius-bottom-left:0px;--awb-padding-right:25%;--awb-padding-left:25%;--awb-flex-wrap:wrap;\" ><div class=\"fusion-builder-row fusion-row\"><div class=\"fusion-layout-column fusion_builder_column fusion-builder-column-5 fusion_builder_column_1_1 1_1 fusion-one-full fusion-column-first fusion-column-last\" style=\"--awb-bg-size:cover;\"><div class=\"fusion-column-wrapper fusion-column-has-shadow fusion-flex-column-wrapper-legacy\"><div class=\"fusion-title title fusion-title-6 fusion-sep-none fusion-title-text fusion-title-size-two\"><h2 class=\"fusion-title-heading title-heading-left\" style=\"margin:0;\">Andere Holzwerkstoffe<\/h2><\/div><div class=\"fusion-text fusion-text-5\"><p>Um das Haus zu vervollst\u00e4ndigen, werden S\u00e4ge- und Hobelmaterialien mit unterschiedlichen Querschnitten und Oberfl\u00e4chen ben\u00f6tigt. Wir finden die besten L\u00f6sungen je nach Haustyp und Kundenwunsch. Die folgende Abbildung gibt einen \u00dcberblick \u00fcber die Holzmaterialien f\u00fcr Holzblockh\u00e4user.<\/p>\n<\/div><div class=\"fusion-sep-clear\"><\/div><div class=\"fusion-separator fusion-clearfix\" style=\"float:left;margin-top:10px;margin-bottom:10px;width:100%;max-width:12%;\"><\/div><div class=\"fusion-sep-clear\"><\/div><div class=\"fusion-image-element in-legacy-container\" style=\"--awb-caption-title-font-family:var(--h2_typography-font-family);--awb-caption-title-font-weight:var(--h2_typography-font-weight);--awb-caption-title-font-style:var(--h2_typography-font-style);--awb-caption-title-size:var(--h2_typography-font-size);--awb-caption-title-transform:var(--h2_typography-text-transform);--awb-caption-title-line-height:var(--h2_typography-line-height);--awb-caption-title-letter-spacing:var(--h2_typography-letter-spacing);\"><span class=\" fusion-imageframe imageframe-none imageframe-4 hover-type-none\"><img decoding=\"async\" width=\"869\" height=\"509\" alt=\"Andere Holzwerkstoffe\" title=\"Andere Holzwerkstoffe\" src=\"https:\/\/aampalk.ee\/wp-content\/uploads\/2020\/06\/muud-puitmaterjalid-de.jpg\" class=\"img-responsive wp-image-1415\" srcset=\"https:\/\/aampalk.ee\/wp-content\/uploads\/2020\/06\/muud-puitmaterjalid-de-200x117.jpg 200w, https:\/\/aampalk.ee\/wp-content\/uploads\/2020\/06\/muud-puitmaterjalid-de-400x234.jpg 400w, https:\/\/aampalk.ee\/wp-content\/uploads\/2020\/06\/muud-puitmaterjalid-de-600x351.jpg 600w, https:\/\/aampalk.ee\/wp-content\/uploads\/2020\/06\/muud-puitmaterjalid-de-800x469.jpg 800w, https:\/\/aampalk.ee\/wp-content\/uploads\/2020\/06\/muud-puitmaterjalid-de.jpg 869w\" sizes=\"(max-width: 800px) 100vw, 869px\" \/><\/span><\/div><div class=\"fusion-clearfix\"><\/div><\/div><\/div><\/div><\/div><div class=\"fusion-fullwidth fullwidth-box fusion-builder-row-5 nonhundred-percent-fullwidth non-hundred-percent-height-scrolling\" style=\"--awb-border-radius-top-left:0px;--awb-border-radius-top-right:0px;--awb-border-radius-bottom-right:0px;--awb-border-radius-bottom-left:0px;--awb-padding-right:25%;--awb-padding-left:25%;--awb-flex-wrap:wrap;\" ><div class=\"fusion-builder-row fusion-row\"><div class=\"fusion-layout-column fusion_builder_column fusion-builder-column-6 fusion_builder_column_1_1 1_1 fusion-one-full fusion-column-first fusion-column-last\" style=\"--awb-bg-size:cover;\"><div class=\"fusion-column-wrapper fusion-column-has-shadow fusion-flex-column-wrapper-legacy\"><div class=\"fusion-title title fusion-title-7 fusion-sep-none fusion-title-text fusion-title-size-two\"><h2 class=\"fusion-title-heading title-heading-left\" style=\"margin:0;\">Zus\u00e4tzliche Isolierung<\/h2><\/div><div class=\"fusion-text fusion-text-6\"><p>Auf Wunsch wird zus\u00e4tzliche Isolierung angeboten, um die W\u00e4rmed\u00e4mmung der W\u00e4nder zu erh\u00f6hen. In diesem Fall wird eine Schicht aus Isoliermaterial auf der Innenseite der Balkenwand installiert. Sie kann beispielsweise 50, 100 oder 150 mm dick sein. F\u00fcr die Innenausstattung k\u00f6nnen verschiedene Auskleidungsbretter oder Gipskartonplatten verwendet werden. Wir empfehlen zus\u00e4tzliche Isolierung f\u00fcr das ganzj\u00e4hrige Leben unter estnischen Bedingungen (Rundholz: \u00d8180 mm, Holz mit kleinerem Durchmesser; Quadratholz: 113 mm dick oder d\u00fcnner).<\/p>\n<\/div><div class=\"fusion-sep-clear\"><\/div><div class=\"fusion-separator fusion-clearfix\" style=\"float:left;margin-top:10px;margin-bottom:10px;width:100%;max-width:12%;\"><\/div><div class=\"fusion-sep-clear\"><\/div><div class=\"fusion-image-element in-legacy-container\" style=\"--awb-caption-title-font-family:var(--h2_typography-font-family);--awb-caption-title-font-weight:var(--h2_typography-font-weight);--awb-caption-title-font-style:var(--h2_typography-font-style);--awb-caption-title-size:var(--h2_typography-font-size);--awb-caption-title-transform:var(--h2_typography-text-transform);--awb-caption-title-line-height:var(--h2_typography-line-height);--awb-caption-title-letter-spacing:var(--h2_typography-letter-spacing);\"><span class=\" fusion-imageframe imageframe-none imageframe-5 hover-type-none\"><img decoding=\"async\" width=\"766\" height=\"509\" alt=\"Zus\u00e4tzliche Isolierung\" title=\"Zus\u00e4tzliche Isolierung\" src=\"https:\/\/aampalk.ee\/wp-content\/uploads\/2020\/06\/lisasoojustamine-de.jpg\" class=\"img-responsive wp-image-1419\" srcset=\"https:\/\/aampalk.ee\/wp-content\/uploads\/2020\/06\/lisasoojustamine-de-200x133.jpg 200w, https:\/\/aampalk.ee\/wp-content\/uploads\/2020\/06\/lisasoojustamine-de-400x266.jpg 400w, https:\/\/aampalk.ee\/wp-content\/uploads\/2020\/06\/lisasoojustamine-de-600x399.jpg 600w, https:\/\/aampalk.ee\/wp-content\/uploads\/2020\/06\/lisasoojustamine-de.jpg 766w\" sizes=\"(max-width: 800px) 100vw, 766px\" \/><\/span><\/div><div class=\"fusion-clearfix\"><\/div><\/div><\/div><\/div><\/div><\/p>\n","protected":false},"excerpt":{"rendered":"","protected":false},"author":1,"featured_media":0,"parent":0,"menu_order":0,"comment_status":"closed","ping_status":"closed","template":"100-width.php","meta":{"om_disable_all_campaigns":false,"_monsterinsights_skip_tracking":false,"_monsterinsights_sitenote_active":false,"_monsterinsights_sitenote_note":"","_monsterinsights_sitenote_category":0,"_uf_show_specific_survey":0,"_uf_disable_surveys":false,"footnotes":""},"class_list":["post-938","page","type-page","status-publish","hentry"],"yoast_head":"<!-- This site is optimized with the Yoast SEO Premium plugin v26.8 (Yoast SEO v27.4) - https:\/\/yoast.com\/product\/yoast-seo-premium-wordpress\/ -->\n<title>PRODUKTE | Aampalk<\/title>\n<meta name=\"description\" content=\"Aampalk\" \/>\n<meta name=\"robots\" content=\"index, follow, max-snippet:-1, max-image-preview:large, max-video-preview:-1\" \/>\n<link rel=\"canonical\" href=\"https:\/\/aampalk.ee\/de\/produkte\/\" \/>\n<meta property=\"og:locale\" content=\"de_DE\" \/>\n<meta property=\"og:type\" content=\"article\" \/>\n<meta property=\"og:title\" content=\"PRODUKTE\" \/>\n<meta property=\"og:description\" content=\"Aampalk\" \/>\n<meta property=\"og:url\" content=\"https:\/\/aampalk.ee\/de\/produkte\/\" \/>\n<meta property=\"og:site_name\" content=\"Aampalk\" \/>\n<meta property=\"article:modified_time\" content=\"2020-07-06T12:17:26+00:00\" \/>\n<meta name=\"twitter:card\" content=\"summary_large_image\" \/>\n<meta name=\"twitter:label1\" content=\"Gesch\u00e4tzte Lesezeit\" \/>\n\t<meta name=\"twitter:data1\" content=\"18\u00a0Minuten\" \/>\n<script type=\"application\/ld+json\" class=\"yoast-schema-graph\">{\"@context\":\"https:\\\/\\\/schema.org\",\"@graph\":[{\"@type\":\"WebPage\",\"@id\":\"https:\\\/\\\/aampalk.ee\\\/de\\\/produkte\\\/\",\"url\":\"https:\\\/\\\/aampalk.ee\\\/de\\\/produkte\\\/\",\"name\":\"PRODUKTE | Aampalk\",\"isPartOf\":{\"@id\":\"https:\\\/\\\/aampalk.ee\\\/de\\\/#website\"},\"datePublished\":\"2020-04-06T12:57:37+00:00\",\"dateModified\":\"2020-07-06T12:17:26+00:00\",\"description\":\"Aampalk\",\"breadcrumb\":{\"@id\":\"https:\\\/\\\/aampalk.ee\\\/de\\\/produkte\\\/#breadcrumb\"},\"inLanguage\":\"de\",\"potentialAction\":[{\"@type\":\"ReadAction\",\"target\":[\"https:\\\/\\\/aampalk.ee\\\/de\\\/produkte\\\/\"]}]},{\"@type\":\"BreadcrumbList\",\"@id\":\"https:\\\/\\\/aampalk.ee\\\/de\\\/produkte\\\/#breadcrumb\",\"itemListElement\":[{\"@type\":\"ListItem\",\"position\":1,\"name\":\"Home\",\"item\":\"https:\\\/\\\/aampalk.ee\\\/de\\\/\"},{\"@type\":\"ListItem\",\"position\":2,\"name\":\"PRODUKTE\"}]},{\"@type\":\"WebSite\",\"@id\":\"https:\\\/\\\/aampalk.ee\\\/de\\\/#website\",\"url\":\"https:\\\/\\\/aampalk.ee\\\/de\\\/\",\"name\":\"Aampalk\",\"description\":\"Kvaliteetsed puitmajad\",\"publisher\":{\"@id\":\"https:\\\/\\\/aampalk.ee\\\/de\\\/#organization\"},\"potentialAction\":[{\"@type\":\"SearchAction\",\"target\":{\"@type\":\"EntryPoint\",\"urlTemplate\":\"https:\\\/\\\/aampalk.ee\\\/de\\\/?s={search_term_string}\"},\"query-input\":{\"@type\":\"PropertyValueSpecification\",\"valueRequired\":true,\"valueName\":\"search_term_string\"}}],\"inLanguage\":\"de\"},{\"@type\":\"Organization\",\"@id\":\"https:\\\/\\\/aampalk.ee\\\/de\\\/#organization\",\"name\":\"Aampalk Fin\",\"url\":\"https:\\\/\\\/aampalk.ee\\\/de\\\/\",\"logo\":{\"@type\":\"ImageObject\",\"inLanguage\":\"de\",\"@id\":\"https:\\\/\\\/aampalk.ee\\\/de\\\/#\\\/schema\\\/logo\\\/image\\\/\",\"url\":\"https:\\\/\\\/aampalk.ee\\\/wp-content\\\/uploads\\\/2020\\\/06\\\/aampalk_logo_retina.png\",\"contentUrl\":\"https:\\\/\\\/aampalk.ee\\\/wp-content\\\/uploads\\\/2020\\\/06\\\/aampalk_logo_retina.png\",\"width\":478,\"height\":180,\"caption\":\"Aampalk Fin\"},\"image\":{\"@id\":\"https:\\\/\\\/aampalk.ee\\\/de\\\/#\\\/schema\\\/logo\\\/image\\\/\"}}]}<\/script>\n<!-- \/ Yoast SEO Premium plugin. -->","yoast_head_json":{"title":"PRODUKTE | Aampalk","description":"Aampalk","robots":{"index":"index","follow":"follow","max-snippet":"max-snippet:-1","max-image-preview":"max-image-preview:large","max-video-preview":"max-video-preview:-1"},"canonical":"https:\/\/aampalk.ee\/de\/produkte\/","og_locale":"de_DE","og_type":"article","og_title":"PRODUKTE","og_description":"Aampalk","og_url":"https:\/\/aampalk.ee\/de\/produkte\/","og_site_name":"Aampalk","article_modified_time":"2020-07-06T12:17:26+00:00","twitter_card":"summary_large_image","twitter_misc":{"Gesch\u00e4tzte Lesezeit":"18\u00a0Minuten"},"schema":{"@context":"https:\/\/schema.org","@graph":[{"@type":"WebPage","@id":"https:\/\/aampalk.ee\/de\/produkte\/","url":"https:\/\/aampalk.ee\/de\/produkte\/","name":"PRODUKTE | Aampalk","isPartOf":{"@id":"https:\/\/aampalk.ee\/de\/#website"},"datePublished":"2020-04-06T12:57:37+00:00","dateModified":"2020-07-06T12:17:26+00:00","description":"Aampalk","breadcrumb":{"@id":"https:\/\/aampalk.ee\/de\/produkte\/#breadcrumb"},"inLanguage":"de","potentialAction":[{"@type":"ReadAction","target":["https:\/\/aampalk.ee\/de\/produkte\/"]}]},{"@type":"BreadcrumbList","@id":"https:\/\/aampalk.ee\/de\/produkte\/#breadcrumb","itemListElement":[{"@type":"ListItem","position":1,"name":"Home","item":"https:\/\/aampalk.ee\/de\/"},{"@type":"ListItem","position":2,"name":"PRODUKTE"}]},{"@type":"WebSite","@id":"https:\/\/aampalk.ee\/de\/#website","url":"https:\/\/aampalk.ee\/de\/","name":"Aampalk","description":"Kvaliteetsed puitmajad","publisher":{"@id":"https:\/\/aampalk.ee\/de\/#organization"},"potentialAction":[{"@type":"SearchAction","target":{"@type":"EntryPoint","urlTemplate":"https:\/\/aampalk.ee\/de\/?s={search_term_string}"},"query-input":{"@type":"PropertyValueSpecification","valueRequired":true,"valueName":"search_term_string"}}],"inLanguage":"de"},{"@type":"Organization","@id":"https:\/\/aampalk.ee\/de\/#organization","name":"Aampalk Fin","url":"https:\/\/aampalk.ee\/de\/","logo":{"@type":"ImageObject","inLanguage":"de","@id":"https:\/\/aampalk.ee\/de\/#\/schema\/logo\/image\/","url":"https:\/\/aampalk.ee\/wp-content\/uploads\/2020\/06\/aampalk_logo_retina.png","contentUrl":"https:\/\/aampalk.ee\/wp-content\/uploads\/2020\/06\/aampalk_logo_retina.png","width":478,"height":180,"caption":"Aampalk Fin"},"image":{"@id":"https:\/\/aampalk.ee\/de\/#\/schema\/logo\/image\/"}}]}},"_links":{"self":[{"href":"https:\/\/aampalk.ee\/de\/wp-json\/wp\/v2\/pages\/938","targetHints":{"allow":["GET"]}}],"collection":[{"href":"https:\/\/aampalk.ee\/de\/wp-json\/wp\/v2\/pages"}],"about":[{"href":"https:\/\/aampalk.ee\/de\/wp-json\/wp\/v2\/types\/page"}],"author":[{"embeddable":true,"href":"https:\/\/aampalk.ee\/de\/wp-json\/wp\/v2\/users\/1"}],"replies":[{"embeddable":true,"href":"https:\/\/aampalk.ee\/de\/wp-json\/wp\/v2\/comments?post=938"}],"version-history":[{"count":0,"href":"https:\/\/aampalk.ee\/de\/wp-json\/wp\/v2\/pages\/938\/revisions"}],"wp:attachment":[{"href":"https:\/\/aampalk.ee\/de\/wp-json\/wp\/v2\/media?parent=938"}],"curies":[{"name":"wp","href":"https:\/\/api.w.org\/{rel}","templated":true}]}}