{"id":1043,"date":"2020-04-06T12:58:36","date_gmt":"2020-04-06T12:58:36","guid":{"rendered":"https:\/\/aampalk.ee\/ehitustood\/"},"modified":"2020-07-06T12:25:21","modified_gmt":"2020-07-06T12:25:21","slug":"rakennustyot","status":"publish","type":"page","link":"https:\/\/aampalk.ee\/fi\/rakennustyot\/","title":{"rendered":"RAKENNUSTY\u00d6T"},"content":{"rendered":"<p><div class=\"fusion-fullwidth fullwidth-box fusion-builder-row-1 fusion-parallax-none nonhundred-percent-fullwidth non-hundred-percent-height-scrolling\" style=\"--awb-border-radius-top-left:0px;--awb-border-radius-top-right:0px;--awb-border-radius-bottom-right:0px;--awb-border-radius-bottom-left:0px;--awb-padding-top:0px;--awb-padding-right:0px;--awb-padding-bottom:0px;--awb-padding-left:0px;--awb-margin-top:0px;--awb-margin-bottom:50px;--awb-background-image:url(&quot;https:\/\/aampalk.ee\/wp-content\/uploads\/2020\/07\/ehitustood-min.jpg&quot;);--awb-background-size:cover;--awb-flex-wrap:wrap;\" ><div class=\"fusion-builder-row fusion-row\"><div class=\"fusion-layout-column fusion_builder_column fusion-builder-column-0 fusion_builder_column_1_1 1_1 fusion-one-full fusion-column-first fusion-column-last\" style=\"--awb-bg-size:cover;--awb-margin-top:10%;--awb-margin-bottom:10%;\"><div class=\"fusion-column-wrapper fusion-column-has-shadow fusion-flex-column-wrapper-legacy\"><div class=\"fusion-clearfix\"><\/div><\/div><\/div><\/div><\/div><div class=\"fusion-fullwidth fullwidth-box fusion-builder-row-2 nonhundred-percent-fullwidth non-hundred-percent-height-scrolling\" style=\"--awb-border-radius-top-left:0px;--awb-border-radius-top-right:0px;--awb-border-radius-bottom-right:0px;--awb-border-radius-bottom-left:0px;--awb-padding-right:25%;--awb-padding-left:25%;--awb-flex-wrap:wrap;\" ><div class=\"fusion-builder-row fusion-row\"><div class=\"fusion-layout-column fusion_builder_column fusion-builder-column-1 fusion_builder_column_1_1 1_1 fusion-one-full fusion-column-first fusion-column-last\" style=\"--awb-bg-size:cover;\"><div class=\"fusion-column-wrapper fusion-column-has-shadow fusion-flex-column-wrapper-legacy\"><div class=\"fusion-title title fusion-title-1 fusion-sep-none fusion-title-text fusion-title-size-one\" style=\"--awb-margin-bottom:0px;\"><h1 class=\"fusion-title-heading title-heading-left\" style=\"margin:0;\">EHITUST\u00d6\u00d6D<\/h1><\/div><div class=\"fusion-sep-clear\"><\/div><div class=\"fusion-separator fusion-clearfix\" style=\"float:left;margin-top:20px;margin-bottom:20px;width:100%;max-width:12%;\"><div class=\"fusion-separator-border sep-single sep-solid\" style=\"--awb-height:20px;--awb-amount:20px;border-color:#757f78;border-top-width:2px;\"><\/div><\/div><div class=\"fusion-sep-clear\"><\/div><div class=\"fusion-text fusion-text-1\"><h2>Hirsitalojen rakennus<\/h2>\n<p>Olemme erikoistuneet puurakenteiden rakentamiseen. P\u00e4\u00e4toimintamme ja suurin kokemus on hirsitalojen asennuksessa.<\/p>\n<p>Hirsitaloissa tarjoamme rakennuspalvelua hirsiosan asennuksesta avaimet k\u00e4teen-ratkaisuun saakka. Olemme asentaneet niin kaksikertaisia sein\u00e4j\u00e4rjestelmi\u00e4 kuin tavallisia kes\u00e4m\u00f6kkiratkaisujakin. Kaikkiin t\u00f6ihin annamme v\u00e4hint\u00e4\u00e4n 2 vuoden takuun ja olemme vastuussa ty\u00f6mme laadusta.<\/p>\n<p>N\u00e4k\u00f6kulmamme on, ett\u00e4 laadukkaiden materiaalien lis\u00e4ksi todella t\u00e4rke\u00e4\u00e4 on my\u00f6s asennuksen laatu. T\u00e4ydellisen hirsitalon saamiseksi on t\u00e4rke\u00e4\u00e4 k\u00e4\u00e4nt\u00e4\u00e4 huomio kaikkiin perusrakenteiden vaiheisiin. Tietenkin on mahdollisuudet laittaa kodilleen my\u00f6s omat k\u00e4tens\u00e4 mukaan, joko viimeistelyss\u00e4 tai avustajana asennustiimi\u00e4. Se on varmasti kokemus koko el\u00e4m\u00e4ksi, joka antaa kodille juuri oikean kodikkuuden.<\/p>\n<h2>Puurunkotalojen rakennus<\/h2>\n<p>Hirsitalojen lis\u00e4ksi olemme asentaneet my\u00f6s monia puurunkotaloja. Niill\u00e4 rakennustyypeill\u00e4 on varmasti omat erikoisuutensa ja joka asia vaatii varmaa tietoa. Pitk\u00e4aikainen kokemuksemme niiden talojen asennuksessa on tuonut esille useita t\u00e4rkeit\u00e4 nyansseja joita huomioida ja jotka omaavat my\u00f6hemmin todella t\u00e4rke\u00e4n roolin koko ty\u00f6n laadussa.<\/p>\n<p>Niin kuten hirsitaloissa, olemme valmiita my\u00f6s puurunkotaloissa osallistumaan rakennusprosessissa omistajien toiveisiin. T\u00e4ss\u00e4 on varmasti enemm\u00e4n mahdollisuuksia my\u00f6t\u00e4vaikuttaa tulevan kodin valmistumiseen ja tehd\u00e4 laatutarkastusta. Ohjauksessamme on mahdollisuus asentaa tietyilt\u00e4 osin eristys, tehd\u00e4 viimeistelyt\u00f6it\u00e4 ja antaa viime silaus koko pakettiin listojen asentamisella.<\/p>\n<h2>Muut ty\u00f6t<\/h2>\n<p>Jos Teid\u00e4n toiveisiinne kuuluu t\u00f6it\u00e4, jotka eiv\u00e4t ole katettu niill\u00e4 kahdella rakennustyypill\u00e4, niin odotamme Teid\u00e4n toiveita ja ehdotuksia. Toivottavasti pystymme tulemaan vastaan ja tarjoamaan my\u00f6s muita t\u00f6it\u00e4, joita t\u00e4\u00e4ll\u00e4 t\u00e4ll\u00e4 hetkell\u00e4 ei ole kuvattu. Totta on kyll\u00e4 se, ett\u00e4 toimintamme on ennemminkin puu- ja viimeistelyt\u00f6ihin liittyv\u00e4\u00e4 ja betoni- tai metallity\u00f6t ovat pikemminkin poikkeuksia.<\/p>\n<p>Jokatapauksessa kodin valmistuminen on todella suuri tapahtuma ja toiveemme on tehd\u00e4 se niin ihanteelliseksi kuin vallassamme on.<\/p>\n<p><strong>Teid\u00e4n tyytyv\u00e4isyys on my\u00f6s meid\u00e4n tyytyv\u00e4isyys.<\/strong><\/p>\n<\/div><div class=\"fusion-clearfix\"><\/div><\/div><\/div><\/div><\/div><\/p>\n","protected":false},"excerpt":{"rendered":"","protected":false},"author":1,"featured_media":0,"parent":0,"menu_order":0,"comment_status":"closed","ping_status":"closed","template":"100-width.php","meta":{"om_disable_all_campaigns":false,"_monsterinsights_skip_tracking":false,"_monsterinsights_sitenote_active":false,"_monsterinsights_sitenote_note":"","_monsterinsights_sitenote_category":0,"_uf_show_specific_survey":0,"_uf_disable_surveys":false,"footnotes":""},"class_list":["post-1043","page","type-page","status-publish","hentry"],"yoast_head":"<!-- This site is optimized with the Yoast SEO Premium plugin v26.8 (Yoast SEO v27.4) - https:\/\/yoast.com\/product\/yoast-seo-premium-wordpress\/ -->\n<title>RAKENNUSTY\u00d6T | Aampalk<\/title>\n<meta name=\"description\" content=\"Aampalk\" \/>\n<meta name=\"robots\" content=\"index, follow, max-snippet:-1, max-image-preview:large, max-video-preview:-1\" \/>\n<link rel=\"canonical\" href=\"https:\/\/aampalk.ee\/fi\/rakennustyot\/\" \/>\n<meta property=\"og:locale\" content=\"fi_FI\" \/>\n<meta property=\"og:type\" content=\"article\" \/>\n<meta property=\"og:title\" content=\"RAKENNUSTY\u00d6T\" \/>\n<meta property=\"og:description\" content=\"Aampalk\" \/>\n<meta property=\"og:url\" content=\"https:\/\/aampalk.ee\/fi\/rakennustyot\/\" \/>\n<meta property=\"og:site_name\" content=\"Aampalk\" \/>\n<meta property=\"article:modified_time\" content=\"2020-07-06T12:25:21+00:00\" \/>\n<meta name=\"twitter:card\" content=\"summary_large_image\" \/>\n<meta name=\"twitter:label1\" content=\"Arvioitu lukuaika\" \/>\n\t<meta name=\"twitter:data1\" content=\"6 minuuttia\" \/>\n<script type=\"application\/ld+json\" class=\"yoast-schema-graph\">{\"@context\":\"https:\\\/\\\/schema.org\",\"@graph\":[{\"@type\":\"WebPage\",\"@id\":\"https:\\\/\\\/aampalk.ee\\\/fi\\\/rakennustyot\\\/\",\"url\":\"https:\\\/\\\/aampalk.ee\\\/fi\\\/rakennustyot\\\/\",\"name\":\"RAKENNUSTY\u00d6T | Aampalk\",\"isPartOf\":{\"@id\":\"https:\\\/\\\/aampalk.ee\\\/fi\\\/#website\"},\"datePublished\":\"2020-04-06T12:58:36+00:00\",\"dateModified\":\"2020-07-06T12:25:21+00:00\",\"description\":\"Aampalk\",\"breadcrumb\":{\"@id\":\"https:\\\/\\\/aampalk.ee\\\/fi\\\/rakennustyot\\\/#breadcrumb\"},\"inLanguage\":\"fi\",\"potentialAction\":[{\"@type\":\"ReadAction\",\"target\":[\"https:\\\/\\\/aampalk.ee\\\/fi\\\/rakennustyot\\\/\"]}]},{\"@type\":\"BreadcrumbList\",\"@id\":\"https:\\\/\\\/aampalk.ee\\\/fi\\\/rakennustyot\\\/#breadcrumb\",\"itemListElement\":[{\"@type\":\"ListItem\",\"position\":1,\"name\":\"Home\",\"item\":\"https:\\\/\\\/aampalk.ee\\\/fi\\\/\"},{\"@type\":\"ListItem\",\"position\":2,\"name\":\"RAKENNUSTY\u00d6T\"}]},{\"@type\":\"WebSite\",\"@id\":\"https:\\\/\\\/aampalk.ee\\\/fi\\\/#website\",\"url\":\"https:\\\/\\\/aampalk.ee\\\/fi\\\/\",\"name\":\"Aampalk\",\"description\":\"Kvaliteetsed puitmajad\",\"publisher\":{\"@id\":\"https:\\\/\\\/aampalk.ee\\\/fi\\\/#organization\"},\"potentialAction\":[{\"@type\":\"SearchAction\",\"target\":{\"@type\":\"EntryPoint\",\"urlTemplate\":\"https:\\\/\\\/aampalk.ee\\\/fi\\\/?s={search_term_string}\"},\"query-input\":{\"@type\":\"PropertyValueSpecification\",\"valueRequired\":true,\"valueName\":\"search_term_string\"}}],\"inLanguage\":\"fi\"},{\"@type\":\"Organization\",\"@id\":\"https:\\\/\\\/aampalk.ee\\\/fi\\\/#organization\",\"name\":\"Aampalk Fin\",\"url\":\"https:\\\/\\\/aampalk.ee\\\/fi\\\/\",\"logo\":{\"@type\":\"ImageObject\",\"inLanguage\":\"fi\",\"@id\":\"https:\\\/\\\/aampalk.ee\\\/fi\\\/#\\\/schema\\\/logo\\\/image\\\/\",\"url\":\"https:\\\/\\\/aampalk.ee\\\/wp-content\\\/uploads\\\/2020\\\/06\\\/aampalk_logo_retina.png\",\"contentUrl\":\"https:\\\/\\\/aampalk.ee\\\/wp-content\\\/uploads\\\/2020\\\/06\\\/aampalk_logo_retina.png\",\"width\":478,\"height\":180,\"caption\":\"Aampalk Fin\"},\"image\":{\"@id\":\"https:\\\/\\\/aampalk.ee\\\/fi\\\/#\\\/schema\\\/logo\\\/image\\\/\"}}]}<\/script>\n<!-- \/ Yoast SEO Premium plugin. -->","yoast_head_json":{"title":"RAKENNUSTY\u00d6T | Aampalk","description":"Aampalk","robots":{"index":"index","follow":"follow","max-snippet":"max-snippet:-1","max-image-preview":"max-image-preview:large","max-video-preview":"max-video-preview:-1"},"canonical":"https:\/\/aampalk.ee\/fi\/rakennustyot\/","og_locale":"fi_FI","og_type":"article","og_title":"RAKENNUSTY\u00d6T","og_description":"Aampalk","og_url":"https:\/\/aampalk.ee\/fi\/rakennustyot\/","og_site_name":"Aampalk","article_modified_time":"2020-07-06T12:25:21+00:00","twitter_card":"summary_large_image","twitter_misc":{"Arvioitu lukuaika":"6 minuuttia"},"schema":{"@context":"https:\/\/schema.org","@graph":[{"@type":"WebPage","@id":"https:\/\/aampalk.ee\/fi\/rakennustyot\/","url":"https:\/\/aampalk.ee\/fi\/rakennustyot\/","name":"RAKENNUSTY\u00d6T | Aampalk","isPartOf":{"@id":"https:\/\/aampalk.ee\/fi\/#website"},"datePublished":"2020-04-06T12:58:36+00:00","dateModified":"2020-07-06T12:25:21+00:00","description":"Aampalk","breadcrumb":{"@id":"https:\/\/aampalk.ee\/fi\/rakennustyot\/#breadcrumb"},"inLanguage":"fi","potentialAction":[{"@type":"ReadAction","target":["https:\/\/aampalk.ee\/fi\/rakennustyot\/"]}]},{"@type":"BreadcrumbList","@id":"https:\/\/aampalk.ee\/fi\/rakennustyot\/#breadcrumb","itemListElement":[{"@type":"ListItem","position":1,"name":"Home","item":"https:\/\/aampalk.ee\/fi\/"},{"@type":"ListItem","position":2,"name":"RAKENNUSTY\u00d6T"}]},{"@type":"WebSite","@id":"https:\/\/aampalk.ee\/fi\/#website","url":"https:\/\/aampalk.ee\/fi\/","name":"Aampalk","description":"Kvaliteetsed puitmajad","publisher":{"@id":"https:\/\/aampalk.ee\/fi\/#organization"},"potentialAction":[{"@type":"SearchAction","target":{"@type":"EntryPoint","urlTemplate":"https:\/\/aampalk.ee\/fi\/?s={search_term_string}"},"query-input":{"@type":"PropertyValueSpecification","valueRequired":true,"valueName":"search_term_string"}}],"inLanguage":"fi"},{"@type":"Organization","@id":"https:\/\/aampalk.ee\/fi\/#organization","name":"Aampalk Fin","url":"https:\/\/aampalk.ee\/fi\/","logo":{"@type":"ImageObject","inLanguage":"fi","@id":"https:\/\/aampalk.ee\/fi\/#\/schema\/logo\/image\/","url":"https:\/\/aampalk.ee\/wp-content\/uploads\/2020\/06\/aampalk_logo_retina.png","contentUrl":"https:\/\/aampalk.ee\/wp-content\/uploads\/2020\/06\/aampalk_logo_retina.png","width":478,"height":180,"caption":"Aampalk Fin"},"image":{"@id":"https:\/\/aampalk.ee\/fi\/#\/schema\/logo\/image\/"}}]}},"_links":{"self":[{"href":"https:\/\/aampalk.ee\/fi\/wp-json\/wp\/v2\/pages\/1043","targetHints":{"allow":["GET"]}}],"collection":[{"href":"https:\/\/aampalk.ee\/fi\/wp-json\/wp\/v2\/pages"}],"about":[{"href":"https:\/\/aampalk.ee\/fi\/wp-json\/wp\/v2\/types\/page"}],"author":[{"embeddable":true,"href":"https:\/\/aampalk.ee\/fi\/wp-json\/wp\/v2\/users\/1"}],"replies":[{"embeddable":true,"href":"https:\/\/aampalk.ee\/fi\/wp-json\/wp\/v2\/comments?post=1043"}],"version-history":[{"count":0,"href":"https:\/\/aampalk.ee\/fi\/wp-json\/wp\/v2\/pages\/1043\/revisions"}],"wp:attachment":[{"href":"https:\/\/aampalk.ee\/fi\/wp-json\/wp\/v2\/media?parent=1043"}],"curies":[{"name":"wp","href":"https:\/\/api.w.org\/{rel}","templated":true}]}}