{"id":1051,"date":"2020-04-06T12:58:45","date_gmt":"2020-04-06T12:58:45","guid":{"rendered":"https:\/\/aampalk.ee\/kkk\/"},"modified":"2020-07-06T12:20:24","modified_gmt":"2020-07-06T12:20:24","slug":"ukk","status":"publish","type":"page","link":"https:\/\/aampalk.ee\/fi\/ukk\/","title":{"rendered":"UKK"},"content":{"rendered":"<p><div class=\"fusion-fullwidth fullwidth-box fusion-builder-row-1 fusion-parallax-none nonhundred-percent-fullwidth non-hundred-percent-height-scrolling\" style=\"--awb-border-radius-top-left:0px;--awb-border-radius-top-right:0px;--awb-border-radius-bottom-right:0px;--awb-border-radius-bottom-left:0px;--awb-padding-top:0px;--awb-padding-right:0px;--awb-padding-bottom:0px;--awb-padding-left:0px;--awb-margin-top:0px;--awb-margin-bottom:50px;--awb-background-image:url(&quot;https:\/\/aampalk.ee\/wp-content\/uploads\/2020\/07\/kkk-min.jpg&quot;);--awb-background-size:cover;--awb-flex-wrap:wrap;\" ><div class=\"fusion-builder-row fusion-row\"><div class=\"fusion-layout-column fusion_builder_column fusion-builder-column-0 fusion_builder_column_1_1 1_1 fusion-one-full fusion-column-first fusion-column-last\" style=\"--awb-bg-size:cover;--awb-margin-top:10%;--awb-margin-bottom:10%;\"><div class=\"fusion-column-wrapper fusion-column-has-shadow fusion-flex-column-wrapper-legacy\"><div class=\"fusion-clearfix\"><\/div><\/div><\/div><\/div><\/div><div class=\"fusion-fullwidth fullwidth-box fusion-builder-row-2 nonhundred-percent-fullwidth non-hundred-percent-height-scrolling\" style=\"--awb-border-radius-top-left:0px;--awb-border-radius-top-right:0px;--awb-border-radius-bottom-right:0px;--awb-border-radius-bottom-left:0px;--awb-padding-right:25%;--awb-padding-left:25%;--awb-flex-wrap:wrap;\" ><div class=\"fusion-builder-row fusion-row\"><div class=\"fusion-layout-column fusion_builder_column fusion-builder-column-1 fusion_builder_column_1_1 1_1 fusion-one-full fusion-column-first fusion-column-last\" style=\"--awb-bg-size:cover;\"><div class=\"fusion-column-wrapper fusion-column-has-shadow fusion-flex-column-wrapper-legacy\"><div class=\"fusion-title title fusion-title-1 fusion-sep-none fusion-title-text fusion-title-size-one\" style=\"--awb-margin-bottom:0px;--awb-margin-bottom-small:0px;\"><h1 class=\"fusion-title-heading title-heading-left\" style=\"margin:0;\"><p style=\"text-align: left;\">UKK<\/p><\/h1><\/div><div class=\"fusion-sep-clear\"><\/div><div class=\"fusion-separator fusion-clearfix\" style=\"float:left;margin-top:20px;margin-bottom:20px;width:100%;max-width:12%;\"><div class=\"fusion-separator-border sep-single sep-solid\" style=\"--awb-height:20px;--awb-amount:20px;border-color:#757f78;border-top-width:2px;\"><\/div><\/div><div class=\"fusion-sep-clear\"><\/div><div class=\"accordian fusion-accordian\" style=\"--awb-border-size:1px;--awb-icon-size:13px;--awb-content-font-size:15px;--awb-icon-alignment:left;--awb-hover-color:#f9f9f9;--awb-border-color:#cccccc;--awb-background-color:#ffffff;--awb-divider-color:#757f78;--awb-divider-hover-color:#757f78;--awb-icon-color:#ffffff;--awb-title-color:#333333;--awb-content-color:#6b6b6b;--awb-icon-box-color:#6b6b6b;--awb-toggle-hover-accent-color:#757f78;--awb-title-font-family:&quot;Rubik&quot;;--awb-title-font-weight:regular;--awb-title-font-style:normal;--awb-title-line-height:1.5;--awb-content-font-family:&quot;Rubik&quot;;--awb-content-font-style:normal;--awb-content-font-weight:regular;\"><div class=\"panel-group fusion-toggle-icon-boxed\" id=\"accordion-1051-1\"><div class=\"fusion-panel panel-default panel-e7b354ae0dfd7618b fusion-toggle-has-divider\"><div class=\"panel-heading\"><h4 class=\"panel-title toggle\" id=\"toggle_e7b354ae0dfd7618b\"><a aria-expanded=\"false\" aria-controls=\"e7b354ae0dfd7618b\" role=\"button\" data-toggle=\"collapse\" data-parent=\"#accordion-1051-1\" data-target=\"#e7b354ae0dfd7618b\" href=\"#e7b354ae0dfd7618b\"><span class=\"fusion-toggle-icon-wrapper\" aria-hidden=\"true\"><i class=\"fa-fusion-box active-icon awb-icon-minus\" aria-hidden=\"true\"><\/i><i class=\"fa-fusion-box inactive-icon awb-icon-plus\" aria-hidden=\"true\"><\/i><\/span><span class=\"fusion-toggle-heading\">Millaiset ovat hirsitalon edut?<\/span><\/a><\/h4><\/div><div id=\"e7b354ae0dfd7618b\" class=\"panel-collapse collapse \" aria-labelledby=\"toggle_e7b354ae0dfd7618b\"><div class=\"panel-body toggle-content fusion-clearfix\">\n<p>Yh\u00e4 useampi perhe koko maailmassa valitsee kodikseen hirsitalon. Se on luonnollinen valinta, sill\u00e4 ihmiset ovat aina halunneet el\u00e4\u00e4 t\u00e4ysiarvoista el\u00e4m\u00e4\u00e4 johon kuuluu terveelliset ja luonnonl\u00e4heiset el\u00e4m\u00e4ntavat. Oman kodin rakentaminen \u2013 se on jokaisen el\u00e4m\u00e4ss\u00e4 t\u00e4rke\u00e4 p\u00e4\u00e4t\u00f6s, sill\u00e4 tavallisesti oma talo on se paikka, jossa asumme koko el\u00e4m\u00e4n. Samoin itse pystytt\u00e4m\u00e4mme talo on yksi merkitt\u00e4vimpi\u00e4 muistoja j\u00e4lkikasvullemme. Siksi tulevan talon suunnittelu ja valitseminen on usein vaikeaa, koska haluamme olla p\u00e4\u00e4t\u00f6ksiss\u00e4mme varmoja.<\/p>\n<p><strong>Valitessa hirsitalon, saatte talossa mukana paljon hyv\u00e4\u00e4:<\/strong><\/p>\n<ul>\n<li>Puu on puhtain ja luonnon itsens\u00e4 luoma rakennusmateriaali<\/li>\n<li>Hirsitalon rakentamisen perinteet ylettyv\u00e4t esivanhempiimme asti<\/li>\n<li>Puun ulkopinta on n\u00e4ytt\u00e4v\u00e4 ja sit\u00e4 ei tarvitse v\u00e4ltt\u00e4m\u00e4tt\u00e4 maalata<\/li>\n<li>Nykyaikaisilla aineilla k\u00e4sitelty ja oikein pystytetty hirsitalo s\u00e4ilyy satoja vuosia<\/li>\n<li>Ainutlaatuinen talon sis\u00e4ilma: toisista rakennusmateriaaleista eroten puu \u201chengitt\u00e4\u00e4\u201d \u2013 puusolukkojen ansiosta rakennuksessa ilma p\u00e4\u00e4see diffuusion kautta liikkumaan molemmissa suunnissa ja se varmistaa sis\u00e4ilman molekyylien\u00a0 jatkuvan p\u00e4ivityksen<\/li>\n<li>Hirsisein\u00e4t toimivat kuten l\u00e4mp\u00f6patteri \u2013 puulla on ominaisuus s\u00e4\u00e4st\u00e4\u00e4 l\u00e4mp\u00f6energiaa sek\u00e4 luovuttaa sit\u00e4 sujuvasti sis\u00e4l\u00e4mp\u00f6tilan mukaan<\/li>\n<li>Hirsisein\u00e4n ominaisuutena on vapauttaa talvisin kosteutta sis\u00e4tiloihin ja n\u00e4in v\u00e4hent\u00e4\u00e4 sis\u00e4ilman kuivuutta<\/li>\n<li>Puurakennusten sis\u00e4pintojen l\u00e4mp\u00f6tila on miellytt\u00e4v\u00e4, sill\u00e4 se on aina l\u00e4hell\u00e4 ymp\u00e4r\u00f6iv\u00e4n ilman l\u00e4mp\u00f6tilaa<\/li>\n<li>Elektrostaattisten ominaisuuksien ansiosta puuhun ei muodostu staattista s\u00e4hk\u00f6\u00e4 ja se pit\u00e4\u00e4 p\u00f6lyn lentelyn poissa sis\u00e4tiloissa, sit\u00e4 ominaisuutta arvostavat erityisesti allergikot<\/li>\n<li>Jos tunnetaan kaikki hirsirakennusten ominaisuudet, niin hirsitalojen pystytt\u00e4minen on helppoa ja nopeaa<\/li>\n<li>Nykyaikaisen teknologian ansiosta hirsitalo on mahdollista pystytt\u00e4\u00e4 hyvinkin suotuisasti mutta my\u00f6s toiveiden mukaan luoda itselle eksklusiivinen k\u00e4sin valmistettu hirsirakennus<\/li>\n<\/ul>\n<\/div><\/div><\/div><div class=\"fusion-panel panel-default panel-13eaf1221cccfab1b fusion-toggle-has-divider\"><div class=\"panel-heading\"><h4 class=\"panel-title toggle\" id=\"toggle_13eaf1221cccfab1b\"><a aria-expanded=\"false\" aria-controls=\"13eaf1221cccfab1b\" role=\"button\" data-toggle=\"collapse\" data-parent=\"#accordion-1051-1\" data-target=\"#13eaf1221cccfab1b\" href=\"#13eaf1221cccfab1b\"><span class=\"fusion-toggle-icon-wrapper\" aria-hidden=\"true\"><i class=\"fa-fusion-box active-icon awb-icon-minus\" aria-hidden=\"true\"><\/i><i class=\"fa-fusion-box inactive-icon awb-icon-plus\" aria-hidden=\"true\"><\/i><\/span><span class=\"fusion-toggle-heading\">Mist\u00e4 aloittaa?<\/span><\/a><\/h4><\/div><div id=\"13eaf1221cccfab1b\" class=\"panel-collapse collapse \" aria-labelledby=\"toggle_13eaf1221cccfab1b\"><div class=\"panel-body toggle-content fusion-clearfix\">\n<p>Jos olette p\u00e4\u00e4tyneet hirsitaloon ja Teill\u00e4 on valmiiksi katsottu tontti, johon pystytt\u00e4\u00e4 se, niin olisi aiheellista l\u00f6yt\u00e4\u00e4 tulevalle talolle sopiva arkkitehtuurinen ratkaisu. Sit\u00e4 varten on useita erilaisia mahdollisuuksia. Kaikkein \u00f5ige otstarbekam palkmaja puhul on maja eskiisjooniste koostamisel konsulteerida tootjaga. Vaikka hirsirakennuksen mahdollisuudet ovat suhteellisen suuret, tulee suunnittelussa silti ottaa huomioon useita erityisi\u00e4 ominaisuuksia kuten esimerkiksi hirsien pituudet, kantavien palkkien vahvuus, hirsiseinien painuminen jne.<\/p>\n<p>Tietysti yksi hyv\u00e4 mahdollisuus on valita sopiva tyyppiprojektien joukosta. Yleens\u00e4 sit\u00e4 on sen j\u00e4lkeen mahdollista soveltaa erityistoiveiden mukaisesti. Jos Te ette l\u00f6yd\u00e4 sivullamme olevien tyyppiratkaisujen joukosta itsellenne sopivaa, niin suurella todenn\u00e4k\u00f6isyydell\u00e4 saamme tyydytt\u00e4v\u00e4n ratkaisun kuunnellessamme Teid\u00e4n visioita. Tietysti aina on my\u00f6s mahdollisuus k\u00e4\u00e4nty\u00e4 arkkitehdin puoleen.<\/p>\n<\/div><\/div><\/div><div class=\"fusion-panel panel-default panel-6ed3e445b1d869971 fusion-toggle-has-divider\"><div class=\"panel-heading\"><h4 class=\"panel-title toggle\" id=\"toggle_6ed3e445b1d869971\"><a aria-expanded=\"false\" aria-controls=\"6ed3e445b1d869971\" role=\"button\" data-toggle=\"collapse\" data-parent=\"#accordion-1051-1\" data-target=\"#6ed3e445b1d869971\" href=\"#6ed3e445b1d869971\"><span class=\"fusion-toggle-icon-wrapper\" aria-hidden=\"true\"><i class=\"fa-fusion-box active-icon awb-icon-minus\" aria-hidden=\"true\"><\/i><i class=\"fa-fusion-box inactive-icon awb-icon-plus\" aria-hidden=\"true\"><\/i><\/span><span class=\"fusion-toggle-heading\">Py\u00f6r\u00f6- vai kanttihirsi?<\/span><\/a><\/h4><\/div><div id=\"6ed3e445b1d869971\" class=\"panel-collapse collapse \" aria-labelledby=\"toggle_6ed3e445b1d869971\"><div class=\"panel-body toggle-content fusion-clearfix\">\n<p>Yleens\u00e4 se valinta riippuu pelk\u00e4st\u00e4\u00e4n ihmisten erilaisista mieltymyksist\u00e4, toiset pit\u00e4v\u00e4t py\u00f6r\u00f6hirrest\u00e4, toiset taas eiv\u00e4t pid\u00e4 py\u00f6reist\u00e4 hirren pinnoista ja he suosivat kanttihirren tasaista sein\u00e4\u00e4. Maailmalla voi huomata perinteiden vaikutuksen hirsityypin valinnassa, esimerkiksi Norjassa taloja on rakennettu jo vuosikymmeni\u00e4 eniten kanttihirrest\u00e4. Virosta voi l\u00f6yt\u00e4\u00e4 vanhoja taloja niin py\u00f6r\u00f6- kuin kanttihirrest\u00e4.<\/p>\n<\/div><\/div><\/div><div class=\"fusion-panel panel-default panel-65f948d9624fe24be fusion-toggle-has-divider\"><div class=\"panel-heading\"><h4 class=\"panel-title toggle\" id=\"toggle_65f948d9624fe24be\"><a aria-expanded=\"false\" aria-controls=\"65f948d9624fe24be\" role=\"button\" data-toggle=\"collapse\" data-parent=\"#accordion-1051-1\" data-target=\"#65f948d9624fe24be\" href=\"#65f948d9624fe24be\"><span class=\"fusion-toggle-icon-wrapper\" aria-hidden=\"true\"><i class=\"fa-fusion-box active-icon awb-icon-minus\" aria-hidden=\"true\"><\/i><i class=\"fa-fusion-box inactive-icon awb-icon-plus\" aria-hidden=\"true\"><\/i><\/span><span class=\"fusion-toggle-heading\">K\u00e4sin vai koneella valmistettu hirsi?<\/span><\/a><\/h4><\/div><div id=\"65f948d9624fe24be\" class=\"panel-collapse collapse \" aria-labelledby=\"toggle_65f948d9624fe24be\"><div class=\"panel-body toggle-content fusion-clearfix\">\n<p>Teollinen hirsitalovalmistus aloitettiin vasta vuosina 1950-1960. Sit\u00e4 ennen hirsitalot on valmistettu k\u00e4sity\u00f6n\u00e4. Ja se perinteinen tapa ei ole nyky\u00e4\u00e4nk\u00e4\u00e4n kadonnut mihink\u00e4\u00e4n \u2013 osataan yh\u00e4 arvostaa ja kunnioittaa ihmisk\u00e4sin tehty\u00e4. Koska usein hirsitaloon liitet\u00e4\u00e4n my\u00f6s luonnonmukainen ja luonnollinen el\u00e4m\u00e4ntyyli, niin k\u00e4sity\u00f6n\u00e4 taloon laitettu ihmisenergia antaa talolle varmasti lis\u00e4arvoa.<\/p>\n<\/div><\/div><\/div><div class=\"fusion-panel panel-default panel-5a7f625186a27df7b fusion-toggle-has-divider\"><div class=\"panel-heading\"><h4 class=\"panel-title toggle\" id=\"toggle_5a7f625186a27df7b\"><a aria-expanded=\"false\" aria-controls=\"5a7f625186a27df7b\" role=\"button\" data-toggle=\"collapse\" data-parent=\"#accordion-1051-1\" data-target=\"#5a7f625186a27df7b\" href=\"#5a7f625186a27df7b\"><span class=\"fusion-toggle-icon-wrapper\" aria-hidden=\"true\"><i class=\"fa-fusion-box active-icon awb-icon-minus\" aria-hidden=\"true\"><\/i><i class=\"fa-fusion-box inactive-icon awb-icon-plus\" aria-hidden=\"true\"><\/i><\/span><span class=\"fusion-toggle-heading\">Millainen sein\u00e4n paksuus?<\/span><\/a><\/h4><\/div><div id=\"5a7f625186a27df7b\" class=\"panel-collapse collapse \" aria-labelledby=\"toggle_5a7f625186a27df7b\"><div class=\"panel-body toggle-content fusion-clearfix\">\n<p>T\u00e4ss\u00e4 t\u00e4rke\u00e4 m\u00e4\u00e4rittelij\u00e4 on se, rakennetaanko talo ymp\u00e4rivuotiseen k\u00e4ytt\u00f6\u00f6n vai onko kyseess\u00e4 ns. kes\u00e4m\u00f6kki. Asuintaloon suosittelemme k\u00e4ytt\u00e4\u00e4 lis\u00e4eristyst\u00e4 silloin, jos py\u00f6r\u00f6hirren l\u00e4pimitta on pienempi kuin 200 mm ja kanttihirren paksuus pienempi kuin 200 mm.<\/p>\n<\/div><\/div><\/div><div class=\"fusion-panel panel-default panel-55a1bc8e6dfaea70c fusion-toggle-has-divider\"><div class=\"panel-heading\"><h4 class=\"panel-title toggle\" id=\"toggle_55a1bc8e6dfaea70c\"><a aria-expanded=\"false\" aria-controls=\"55a1bc8e6dfaea70c\" role=\"button\" data-toggle=\"collapse\" data-parent=\"#accordion-1051-1\" data-target=\"#55a1bc8e6dfaea70c\" href=\"#55a1bc8e6dfaea70c\"><span class=\"fusion-toggle-icon-wrapper\" aria-hidden=\"true\"><i class=\"fa-fusion-box active-icon awb-icon-minus\" aria-hidden=\"true\"><\/i><i class=\"fa-fusion-box inactive-icon awb-icon-plus\" aria-hidden=\"true\"><\/i><\/span><span class=\"fusion-toggle-heading\">Millainen perustus hirsitaloon sopii?<\/span><\/a><\/h4><\/div><div id=\"55a1bc8e6dfaea70c\" class=\"panel-collapse collapse \" aria-labelledby=\"toggle_55a1bc8e6dfaea70c\"><div class=\"panel-body toggle-content fusion-clearfix\">\n<p>Hirsitaloon sopivat kaikki normaalit pienrakennusten perustustyypit, joista keskeisimpi\u00e4 ovat tolppa-, nauha ja levyperustus.<\/p>\n<\/div><\/div><\/div><div class=\"fusion-panel panel-default panel-1fec930aa5d65003b fusion-toggle-has-divider\"><div class=\"panel-heading\"><h4 class=\"panel-title toggle\" id=\"toggle_1fec930aa5d65003b\"><a aria-expanded=\"false\" aria-controls=\"1fec930aa5d65003b\" role=\"button\" data-toggle=\"collapse\" data-parent=\"#accordion-1051-1\" data-target=\"#1fec930aa5d65003b\" href=\"#1fec930aa5d65003b\"><span class=\"fusion-toggle-icon-wrapper\" aria-hidden=\"true\"><i class=\"fa-fusion-box active-icon awb-icon-minus\" aria-hidden=\"true\"><\/i><i class=\"fa-fusion-box inactive-icon awb-icon-plus\" aria-hidden=\"true\"><\/i><\/span><span class=\"fusion-toggle-heading\">Millainen kattomateriaali sopii hirsitaloon?<\/span><\/a><\/h4><\/div><div id=\"1fec930aa5d65003b\" class=\"panel-collapse collapse \" aria-labelledby=\"toggle_1fec930aa5d65003b\"><div class=\"panel-body toggle-content fusion-clearfix\">\n<p>Nyky\u00e4\u00e4n hirsitaloissa k\u00e4ytet\u00e4\u00e4n kaikkia yleisi\u00e4 kattomateriaaleja. Hirsitalorakentajat suosittelevat usein raskasta kivikattoa, koska silloin sein\u00e4n painuminen tapahtuu nopeammin. Tietysti hirsitaloon sopivat todella hyvin perinteiset materiaalit kuten paanu, p\u00e4re sek\u00e4 ruoko.<\/p>\n<\/div><\/div><\/div><div class=\"fusion-panel panel-default panel-ace3cb0e268e0591c fusion-toggle-has-divider\"><div class=\"panel-heading\"><h4 class=\"panel-title toggle\" id=\"toggle_ace3cb0e268e0591c\"><a aria-expanded=\"false\" aria-controls=\"ace3cb0e268e0591c\" role=\"button\" data-toggle=\"collapse\" data-parent=\"#accordion-1051-1\" data-target=\"#ace3cb0e268e0591c\" href=\"#ace3cb0e268e0591c\"><span class=\"fusion-toggle-icon-wrapper\" aria-hidden=\"true\"><i class=\"fa-fusion-box active-icon awb-icon-minus\" aria-hidden=\"true\"><\/i><i class=\"fa-fusion-box inactive-icon awb-icon-plus\" aria-hidden=\"true\"><\/i><\/span><span class=\"fusion-toggle-heading\">Millainen l\u00e4mmitysj\u00e4rjestelm\u00e4 sopii hirsitaloon?<\/span><\/a><\/h4><\/div><div id=\"ace3cb0e268e0591c\" class=\"panel-collapse collapse \" aria-labelledby=\"toggle_ace3cb0e268e0591c\"><div class=\"panel-body toggle-content fusion-clearfix\">\n<p>Hirsitaloon sopii kaikki samat l\u00e4mmitysj\u00e4rjestelm\u00e4t kuin tavan rakennuksiin. Hirsitalon ilmapiiriin sopii erinomaisesti takka, jota k\u00e4ytet\u00e4\u00e4n yleens\u00e4 perusl\u00e4mmityksen lis\u00e4ksi.<\/p>\n<\/div><\/div><\/div><\/div><\/div><div class=\"fusion-clearfix\"><\/div><\/div><\/div><\/div><\/div><\/p>\n","protected":false},"excerpt":{"rendered":"","protected":false},"author":1,"featured_media":0,"parent":0,"menu_order":0,"comment_status":"closed","ping_status":"closed","template":"100-width.php","meta":{"om_disable_all_campaigns":false,"_monsterinsights_skip_tracking":false,"_monsterinsights_sitenote_active":false,"_monsterinsights_sitenote_note":"","_monsterinsights_sitenote_category":0,"_uf_show_specific_survey":0,"_uf_disable_surveys":false,"footnotes":""},"class_list":["post-1051","page","type-page","status-publish","hentry"],"yoast_head":"<!-- This site is optimized with the Yoast SEO Premium plugin v26.8 (Yoast SEO v27.4) - https:\/\/yoast.com\/product\/yoast-seo-premium-wordpress\/ -->\n<title>UKK | Aampalk<\/title>\n<meta name=\"description\" content=\"Aampalk\" \/>\n<meta name=\"robots\" content=\"index, follow, max-snippet:-1, max-image-preview:large, max-video-preview:-1\" \/>\n<link rel=\"canonical\" href=\"https:\/\/aampalk.ee\/fi\/ukk\/\" \/>\n<meta property=\"og:locale\" content=\"fi_FI\" \/>\n<meta property=\"og:type\" content=\"article\" \/>\n<meta property=\"og:title\" content=\"UKK\" \/>\n<meta property=\"og:description\" content=\"Aampalk\" \/>\n<meta property=\"og:url\" content=\"https:\/\/aampalk.ee\/fi\/ukk\/\" \/>\n<meta property=\"og:site_name\" content=\"Aampalk\" \/>\n<meta property=\"article:modified_time\" content=\"2020-07-06T12:20:24+00:00\" \/>\n<meta name=\"twitter:card\" content=\"summary_large_image\" \/>\n<meta name=\"twitter:label1\" content=\"Arvioitu lukuaika\" \/>\n\t<meta name=\"twitter:data1\" content=\"8 minuuttia\" \/>\n<script type=\"application\/ld+json\" class=\"yoast-schema-graph\">{\"@context\":\"https:\\\/\\\/schema.org\",\"@graph\":[{\"@type\":\"WebPage\",\"@id\":\"https:\\\/\\\/aampalk.ee\\\/fi\\\/ukk\\\/\",\"url\":\"https:\\\/\\\/aampalk.ee\\\/fi\\\/ukk\\\/\",\"name\":\"UKK | Aampalk\",\"isPartOf\":{\"@id\":\"https:\\\/\\\/aampalk.ee\\\/fi\\\/#website\"},\"datePublished\":\"2020-04-06T12:58:45+00:00\",\"dateModified\":\"2020-07-06T12:20:24+00:00\",\"description\":\"Aampalk\",\"breadcrumb\":{\"@id\":\"https:\\\/\\\/aampalk.ee\\\/fi\\\/ukk\\\/#breadcrumb\"},\"inLanguage\":\"fi\",\"potentialAction\":[{\"@type\":\"ReadAction\",\"target\":[\"https:\\\/\\\/aampalk.ee\\\/fi\\\/ukk\\\/\"]}]},{\"@type\":\"BreadcrumbList\",\"@id\":\"https:\\\/\\\/aampalk.ee\\\/fi\\\/ukk\\\/#breadcrumb\",\"itemListElement\":[{\"@type\":\"ListItem\",\"position\":1,\"name\":\"Home\",\"item\":\"https:\\\/\\\/aampalk.ee\\\/fi\\\/\"},{\"@type\":\"ListItem\",\"position\":2,\"name\":\"UKK\"}]},{\"@type\":\"WebSite\",\"@id\":\"https:\\\/\\\/aampalk.ee\\\/fi\\\/#website\",\"url\":\"https:\\\/\\\/aampalk.ee\\\/fi\\\/\",\"name\":\"Aampalk\",\"description\":\"Kvaliteetsed puitmajad\",\"publisher\":{\"@id\":\"https:\\\/\\\/aampalk.ee\\\/fi\\\/#organization\"},\"potentialAction\":[{\"@type\":\"SearchAction\",\"target\":{\"@type\":\"EntryPoint\",\"urlTemplate\":\"https:\\\/\\\/aampalk.ee\\\/fi\\\/?s={search_term_string}\"},\"query-input\":{\"@type\":\"PropertyValueSpecification\",\"valueRequired\":true,\"valueName\":\"search_term_string\"}}],\"inLanguage\":\"fi\"},{\"@type\":\"Organization\",\"@id\":\"https:\\\/\\\/aampalk.ee\\\/fi\\\/#organization\",\"name\":\"Aampalk Fin\",\"url\":\"https:\\\/\\\/aampalk.ee\\\/fi\\\/\",\"logo\":{\"@type\":\"ImageObject\",\"inLanguage\":\"fi\",\"@id\":\"https:\\\/\\\/aampalk.ee\\\/fi\\\/#\\\/schema\\\/logo\\\/image\\\/\",\"url\":\"https:\\\/\\\/aampalk.ee\\\/wp-content\\\/uploads\\\/2020\\\/06\\\/aampalk_logo_retina.png\",\"contentUrl\":\"https:\\\/\\\/aampalk.ee\\\/wp-content\\\/uploads\\\/2020\\\/06\\\/aampalk_logo_retina.png\",\"width\":478,\"height\":180,\"caption\":\"Aampalk Fin\"},\"image\":{\"@id\":\"https:\\\/\\\/aampalk.ee\\\/fi\\\/#\\\/schema\\\/logo\\\/image\\\/\"}}]}<\/script>\n<!-- \/ Yoast SEO Premium plugin. -->","yoast_head_json":{"title":"UKK | Aampalk","description":"Aampalk","robots":{"index":"index","follow":"follow","max-snippet":"max-snippet:-1","max-image-preview":"max-image-preview:large","max-video-preview":"max-video-preview:-1"},"canonical":"https:\/\/aampalk.ee\/fi\/ukk\/","og_locale":"fi_FI","og_type":"article","og_title":"UKK","og_description":"Aampalk","og_url":"https:\/\/aampalk.ee\/fi\/ukk\/","og_site_name":"Aampalk","article_modified_time":"2020-07-06T12:20:24+00:00","twitter_card":"summary_large_image","twitter_misc":{"Arvioitu lukuaika":"8 minuuttia"},"schema":{"@context":"https:\/\/schema.org","@graph":[{"@type":"WebPage","@id":"https:\/\/aampalk.ee\/fi\/ukk\/","url":"https:\/\/aampalk.ee\/fi\/ukk\/","name":"UKK | Aampalk","isPartOf":{"@id":"https:\/\/aampalk.ee\/fi\/#website"},"datePublished":"2020-04-06T12:58:45+00:00","dateModified":"2020-07-06T12:20:24+00:00","description":"Aampalk","breadcrumb":{"@id":"https:\/\/aampalk.ee\/fi\/ukk\/#breadcrumb"},"inLanguage":"fi","potentialAction":[{"@type":"ReadAction","target":["https:\/\/aampalk.ee\/fi\/ukk\/"]}]},{"@type":"BreadcrumbList","@id":"https:\/\/aampalk.ee\/fi\/ukk\/#breadcrumb","itemListElement":[{"@type":"ListItem","position":1,"name":"Home","item":"https:\/\/aampalk.ee\/fi\/"},{"@type":"ListItem","position":2,"name":"UKK"}]},{"@type":"WebSite","@id":"https:\/\/aampalk.ee\/fi\/#website","url":"https:\/\/aampalk.ee\/fi\/","name":"Aampalk","description":"Kvaliteetsed puitmajad","publisher":{"@id":"https:\/\/aampalk.ee\/fi\/#organization"},"potentialAction":[{"@type":"SearchAction","target":{"@type":"EntryPoint","urlTemplate":"https:\/\/aampalk.ee\/fi\/?s={search_term_string}"},"query-input":{"@type":"PropertyValueSpecification","valueRequired":true,"valueName":"search_term_string"}}],"inLanguage":"fi"},{"@type":"Organization","@id":"https:\/\/aampalk.ee\/fi\/#organization","name":"Aampalk Fin","url":"https:\/\/aampalk.ee\/fi\/","logo":{"@type":"ImageObject","inLanguage":"fi","@id":"https:\/\/aampalk.ee\/fi\/#\/schema\/logo\/image\/","url":"https:\/\/aampalk.ee\/wp-content\/uploads\/2020\/06\/aampalk_logo_retina.png","contentUrl":"https:\/\/aampalk.ee\/wp-content\/uploads\/2020\/06\/aampalk_logo_retina.png","width":478,"height":180,"caption":"Aampalk Fin"},"image":{"@id":"https:\/\/aampalk.ee\/fi\/#\/schema\/logo\/image\/"}}]}},"_links":{"self":[{"href":"https:\/\/aampalk.ee\/fi\/wp-json\/wp\/v2\/pages\/1051","targetHints":{"allow":["GET"]}}],"collection":[{"href":"https:\/\/aampalk.ee\/fi\/wp-json\/wp\/v2\/pages"}],"about":[{"href":"https:\/\/aampalk.ee\/fi\/wp-json\/wp\/v2\/types\/page"}],"author":[{"embeddable":true,"href":"https:\/\/aampalk.ee\/fi\/wp-json\/wp\/v2\/users\/1"}],"replies":[{"embeddable":true,"href":"https:\/\/aampalk.ee\/fi\/wp-json\/wp\/v2\/comments?post=1051"}],"version-history":[{"count":0,"href":"https:\/\/aampalk.ee\/fi\/wp-json\/wp\/v2\/pages\/1051\/revisions"}],"wp:attachment":[{"href":"https:\/\/aampalk.ee\/fi\/wp-json\/wp\/v2\/media?parent=1051"}],"curies":[{"name":"wp","href":"https:\/\/api.w.org\/{rel}","templated":true}]}}