{"id":937,"date":"2020-04-06T12:57:37","date_gmt":"2020-04-06T12:57:37","guid":{"rendered":"https:\/\/aampalk.ee\/tooted\/"},"modified":"2020-07-06T12:17:07","modified_gmt":"2020-07-06T12:17:07","slug":"tuotteet","status":"publish","type":"page","link":"https:\/\/aampalk.ee\/fi\/tuotteet\/","title":{"rendered":"TUOTTEET"},"content":{"rendered":"<p><div class=\"fusion-fullwidth fullwidth-box fusion-builder-row-1 fusion-parallax-none nonhundred-percent-fullwidth non-hundred-percent-height-scrolling\" style=\"--awb-border-radius-top-left:0px;--awb-border-radius-top-right:0px;--awb-border-radius-bottom-right:0px;--awb-border-radius-bottom-left:0px;--awb-padding-top:0px;--awb-padding-right:0px;--awb-padding-bottom:0px;--awb-padding-left:0px;--awb-margin-top:0px;--awb-margin-bottom:50px;--awb-background-image:url(&quot;https:\/\/aampalk.ee\/wp-content\/uploads\/2020\/07\/tooted-min.jpg&quot;);--awb-background-size:cover;--awb-flex-wrap:wrap;\" ><div class=\"fusion-builder-row fusion-row\"><div class=\"fusion-layout-column fusion_builder_column fusion-builder-column-0 fusion_builder_column_1_1 1_1 fusion-one-full fusion-column-first fusion-column-last\" style=\"--awb-bg-size:cover;--awb-margin-top:10%;--awb-margin-bottom:10%;\"><div class=\"fusion-column-wrapper fusion-column-has-shadow fusion-flex-column-wrapper-legacy\"><div class=\"fusion-clearfix\"><\/div><\/div><\/div><\/div><\/div><div class=\"fusion-fullwidth fullwidth-box fusion-builder-row-2 nonhundred-percent-fullwidth non-hundred-percent-height-scrolling\" style=\"--awb-border-radius-top-left:0px;--awb-border-radius-top-right:0px;--awb-border-radius-bottom-right:0px;--awb-border-radius-bottom-left:0px;--awb-padding-right:25%;--awb-padding-left:25%;--awb-flex-wrap:wrap;\" ><div class=\"fusion-builder-row fusion-row\"><div class=\"fusion-layout-column fusion_builder_column fusion-builder-column-1 fusion_builder_column_1_1 1_1 fusion-one-full fusion-column-first fusion-column-last\" style=\"--awb-bg-size:cover;\"><div class=\"fusion-column-wrapper fusion-column-has-shadow fusion-flex-column-wrapper-legacy\"><div class=\"fusion-title title fusion-title-1 fusion-sep-none fusion-title-text fusion-title-size-one\" style=\"--awb-margin-bottom:0px;\"><h1 class=\"fusion-title-heading title-heading-left\" style=\"margin:0;\">TUOTTEET<\/h1><\/div><div class=\"fusion-sep-clear\"><\/div><div class=\"fusion-separator fusion-clearfix\" style=\"float:left;margin-top:20px;margin-bottom:20px;width:100%;max-width:12%;\"><div class=\"fusion-separator-border sep-single sep-solid\" style=\"--awb-height:20px;--awb-amount:20px;border-color:#757f78;border-top-width:2px;\"><\/div><\/div><div class=\"fusion-sep-clear\"><\/div><div class=\"fusion-title title fusion-title-2 fusion-sep-none fusion-title-text fusion-title-size-two\"><h2 class=\"fusion-title-heading title-heading-left\" style=\"margin:0;\">Sein\u00e4rakenteet<\/h2><\/div><div class=\"fusion-text fusion-text-1\"><p>Sein\u00e4rakenteiden valikoimasta saatte itselle sopivan ratkaisun joko sitten hirsiseinien tai puuelementtiseinien joukosta. Kaikki tuotteemme on valmistettu laadukkaimmasta ja tarkan k\u00e4sittelyasteen materiaaleista.<\/p>\n<p>Sein\u00e4hirret \u2013 perinteinen ja aito tapa talon rakentamiseen. Hirsiseinill\u00e4 on lis\u00e4ksi mahdollista luoda my\u00f6s todella moderneja ja tilavan suunnitelmallisia ratkaisuja, joissa on taattu todellinen hirsitalon ilmapiiri, sein\u00e4t \u201ehengitt\u00e4v\u00e4t\u201c sek\u00e4 ovat riitt\u00e4v\u00e4n paksut, jotta tarjota Pohjoismaisiin karmiviin talviin miellytt\u00e4v\u00e4\u00e4 ja viihtyis\u00e4\u00e4 sis\u00e4ilmastoa.<\/p>\n<\/div><div class=\"fusion-clearfix\"><\/div><\/div><\/div><\/div><\/div><div class=\"fusion-fullwidth fullwidth-box fusion-builder-row-3 nonhundred-percent-fullwidth non-hundred-percent-height-scrolling\" style=\"--awb-border-radius-top-left:0px;--awb-border-radius-top-right:0px;--awb-border-radius-bottom-right:0px;--awb-border-radius-bottom-left:0px;--awb-padding-right:25%;--awb-padding-left:25%;--awb-flex-wrap:wrap;\" ><div class=\"fusion-builder-row fusion-row\"><div class=\"fusion-layout-column fusion_builder_column fusion-builder-column-2 fusion_builder_column_1_3 1_3 fusion-one-third fusion-column-first\" style=\"--awb-bg-size:cover;width:33.333333333333%;width:calc(33.333333333333% - ( ( 4% + 4% ) * 0.33333333333333 ) );margin-right: 4%;\"><div class=\"fusion-column-wrapper fusion-column-has-shadow fusion-flex-column-wrapper-legacy\"><div class=\"fusion-title title fusion-title-3 fusion-sep-none fusion-title-text fusion-title-size-two\" style=\"--awb-margin-bottom:10px;\"><h2 class=\"fusion-title-heading title-heading-left\" style=\"margin:0;\">Massiivipuiset sein\u00e4t<\/h2><\/div><div class=\"fusion-image-element in-legacy-container\" style=\"--awb-caption-title-font-family:var(--h2_typography-font-family);--awb-caption-title-font-weight:var(--h2_typography-font-weight);--awb-caption-title-font-style:var(--h2_typography-font-style);--awb-caption-title-size:var(--h2_typography-font-size);--awb-caption-title-transform:var(--h2_typography-text-transform);--awb-caption-title-line-height:var(--h2_typography-line-height);--awb-caption-title-letter-spacing:var(--h2_typography-letter-spacing);\"><span class=\" fusion-imageframe imageframe-none imageframe-1 hover-type-none\"><img decoding=\"async\" width=\"428\" height=\"299\" title=\"ymarpalk\" src=\"https:\/\/aampalk.ee\/wp-content\/uploads\/2020\/05\/ymarpalk-1.jpg\" alt class=\"img-responsive wp-image-526\" srcset=\"https:\/\/aampalk.ee\/wp-content\/uploads\/2020\/05\/ymarpalk-1-200x140.jpg 200w, https:\/\/aampalk.ee\/wp-content\/uploads\/2020\/05\/ymarpalk-1-400x279.jpg 400w, https:\/\/aampalk.ee\/wp-content\/uploads\/2020\/05\/ymarpalk-1.jpg 428w\" sizes=\"(max-width: 800px) 100vw, 400px\" \/><\/span><\/div><div class=\"fusion-sep-clear\"><\/div><div class=\"fusion-separator fusion-clearfix\" style=\"float:left;margin-top:10px;margin-bottom:10px;width:100%;max-width:12%;\"><\/div><div class=\"fusion-sep-clear\"><\/div><div class=\"fusion-text fusion-text-2\"><p>Massiivipuiset sein\u00e4t ovat luonnollisesta, uusiutuvasta puumateriaalista valmistettuja sein\u00e4yksityiskohtia. Sellainen materiaali luo viihtyis\u00e4n ja \u00e4\u00e4rimm\u00e4isen miellytt\u00e4v\u00e4n sis\u00e4ilmaston.<\/p>\n<\/div><div class=\"fusion-clearfix\"><\/div><\/div><\/div><div class=\"fusion-layout-column fusion_builder_column fusion-builder-column-3 fusion_builder_column_1_3 1_3 fusion-one-third\" style=\"--awb-bg-size:cover;width:33.333333333333%;width:calc(33.333333333333% - ( ( 4% + 4% ) * 0.33333333333333 ) );margin-right: 4%;\"><div class=\"fusion-column-wrapper fusion-column-has-shadow fusion-flex-column-wrapper-legacy\"><div class=\"fusion-title title fusion-title-4 fusion-sep-none fusion-title-text fusion-title-size-two\" style=\"--awb-margin-bottom:10px;\"><h2 class=\"fusion-title-heading title-heading-left\" style=\"margin:0;\">Liimapuusein\u00e4t<\/h2><\/div><div class=\"fusion-image-element in-legacy-container\" style=\"--awb-caption-title-font-family:var(--h2_typography-font-family);--awb-caption-title-font-weight:var(--h2_typography-font-weight);--awb-caption-title-font-style:var(--h2_typography-font-style);--awb-caption-title-size:var(--h2_typography-font-size);--awb-caption-title-transform:var(--h2_typography-text-transform);--awb-caption-title-line-height:var(--h2_typography-line-height);--awb-caption-title-letter-spacing:var(--h2_typography-letter-spacing);\"><span class=\" fusion-imageframe imageframe-none imageframe-2 hover-type-none\"><img decoding=\"async\" width=\"428\" height=\"299\" title=\"kanpalk\" src=\"https:\/\/aampalk.ee\/wp-content\/uploads\/2020\/05\/kanpalk-1.jpg\" alt class=\"img-responsive wp-image-523\" srcset=\"https:\/\/aampalk.ee\/wp-content\/uploads\/2020\/05\/kanpalk-1-200x140.jpg 200w, https:\/\/aampalk.ee\/wp-content\/uploads\/2020\/05\/kanpalk-1-400x279.jpg 400w, https:\/\/aampalk.ee\/wp-content\/uploads\/2020\/05\/kanpalk-1.jpg 428w\" sizes=\"(max-width: 800px) 100vw, 400px\" \/><\/span><\/div><div class=\"fusion-sep-clear\"><\/div><div class=\"fusion-separator fusion-clearfix\" style=\"float:left;margin-top:10px;margin-bottom:10px;width:100%;max-width:12%;\"><\/div><div class=\"fusion-sep-clear\"><\/div><div class=\"fusion-text fusion-text-3\"><p>Liimapuinen sein\u00e4rakenne on massiivipuuhun verrattuna vakaampi, syntyy v\u00e4hemm\u00e4n kuivamisesta aiheutuvia halkeamia. Liimapuu mahdollistaa k\u00e4ytett\u00e4v\u00e4n poikkileikkaukseltaan suurempia sein\u00e4rakenteita.<\/p>\n<\/div><div class=\"fusion-clearfix\"><\/div><\/div><\/div><div class=\"fusion-layout-column fusion_builder_column fusion-builder-column-4 fusion_builder_column_1_3 1_3 fusion-one-third fusion-column-last\" style=\"--awb-bg-size:cover;width:33.333333333333%;width:calc(33.333333333333% - ( ( 4% + 4% ) * 0.33333333333333 ) );\"><div class=\"fusion-column-wrapper fusion-column-has-shadow fusion-flex-column-wrapper-legacy\"><div class=\"fusion-title title fusion-title-5 fusion-sep-none fusion-title-text fusion-title-size-two\" style=\"--awb-margin-bottom:10px;\"><h2 class=\"fusion-title-heading title-heading-left\" style=\"margin:0;\">Elementtisein\u00e4t<\/h2><\/div><div class=\"fusion-image-element in-legacy-container\" style=\"--awb-caption-title-font-family:var(--h2_typography-font-family);--awb-caption-title-font-weight:var(--h2_typography-font-weight);--awb-caption-title-font-style:var(--h2_typography-font-style);--awb-caption-title-size:var(--h2_typography-font-size);--awb-caption-title-transform:var(--h2_typography-text-transform);--awb-caption-title-line-height:var(--h2_typography-line-height);--awb-caption-title-letter-spacing:var(--h2_typography-letter-spacing);\"><span class=\" fusion-imageframe imageframe-none imageframe-3 hover-type-none\"><img decoding=\"async\" width=\"428\" height=\"299\" title=\"kalasaba\" src=\"https:\/\/aampalk.ee\/wp-content\/uploads\/2020\/05\/kalasaba.jpg\" alt class=\"img-responsive wp-image-513\" srcset=\"https:\/\/aampalk.ee\/wp-content\/uploads\/2020\/05\/kalasaba-200x140.jpg 200w, https:\/\/aampalk.ee\/wp-content\/uploads\/2020\/05\/kalasaba-400x279.jpg 400w, https:\/\/aampalk.ee\/wp-content\/uploads\/2020\/05\/kalasaba.jpg 428w\" sizes=\"(max-width: 800px) 100vw, 400px\" \/><\/span><\/div><div class=\"fusion-sep-clear\"><\/div><div class=\"fusion-separator fusion-clearfix\" style=\"float:left;margin-top:10px;margin-bottom:10px;width:100%;max-width:12%;\"><\/div><div class=\"fusion-sep-clear\"><\/div><div class=\"fusion-text fusion-text-4\"><p>Elementtitalot on nykyaikainen ratkaisu talon rakentamiseen nopeasti ja valvotuissa olosuhteissa valmistetuista rakenteista.<\/p>\n<\/div><div class=\"fusion-clearfix\"><\/div><\/div><\/div><\/div><\/div><div class=\"fusion-fullwidth fullwidth-box fusion-builder-row-4 nonhundred-percent-fullwidth non-hundred-percent-height-scrolling\" style=\"--awb-border-radius-top-left:0px;--awb-border-radius-top-right:0px;--awb-border-radius-bottom-right:0px;--awb-border-radius-bottom-left:0px;--awb-padding-right:25%;--awb-padding-left:25%;--awb-flex-wrap:wrap;\" ><div class=\"fusion-builder-row fusion-row\"><div class=\"fusion-layout-column fusion_builder_column fusion-builder-column-5 fusion_builder_column_1_1 1_1 fusion-one-full fusion-column-first fusion-column-last\" style=\"--awb-bg-size:cover;\"><div class=\"fusion-column-wrapper fusion-column-has-shadow fusion-flex-column-wrapper-legacy\"><div class=\"fusion-title title fusion-title-6 fusion-sep-none fusion-title-text fusion-title-size-two\"><h2 class=\"fusion-title-heading title-heading-left\" style=\"margin:0;\">Muut puumateriaalit<\/h2><\/div><div class=\"fusion-text fusion-text-5\"><p>Talon t\u00e4ydelliseen kokoamiseen tarvitaan poikkileikkaukselta ja viimeistelylt\u00e4 erilaisia saha- sek\u00e4 h\u00f6yl\u00e4materiaaleja.\u00a0Talon tyypin ja asiakkaan toiveiden mukaan l\u00f6yd\u00e4mme parhaat ratkaisut.\u00a0Allaolevasta piirustuksesta saa jonkinlaisen n\u00e4kemyksen hirsitalon puumateriaaleista.<\/p>\n<\/div><div class=\"fusion-sep-clear\"><\/div><div class=\"fusion-separator fusion-clearfix\" style=\"float:left;margin-top:10px;margin-bottom:10px;width:100%;max-width:12%;\"><\/div><div class=\"fusion-sep-clear\"><\/div><div class=\"fusion-image-element in-legacy-container\" style=\"--awb-caption-title-font-family:var(--h2_typography-font-family);--awb-caption-title-font-weight:var(--h2_typography-font-weight);--awb-caption-title-font-style:var(--h2_typography-font-style);--awb-caption-title-size:var(--h2_typography-font-size);--awb-caption-title-transform:var(--h2_typography-text-transform);--awb-caption-title-line-height:var(--h2_typography-line-height);--awb-caption-title-letter-spacing:var(--h2_typography-letter-spacing);\"><span class=\" fusion-imageframe imageframe-none imageframe-4 hover-type-none\"><img decoding=\"async\" width=\"869\" height=\"509\" alt=\"Muut puumateriaalit\" title=\"Muut puumateriaalit\" src=\"https:\/\/aampalk.ee\/wp-content\/uploads\/2020\/06\/muud-puitmaterjalid-fi.jpg\" class=\"img-responsive wp-image-1304\" srcset=\"https:\/\/aampalk.ee\/wp-content\/uploads\/2020\/06\/muud-puitmaterjalid-fi-200x117.jpg 200w, https:\/\/aampalk.ee\/wp-content\/uploads\/2020\/06\/muud-puitmaterjalid-fi-400x234.jpg 400w, https:\/\/aampalk.ee\/wp-content\/uploads\/2020\/06\/muud-puitmaterjalid-fi-600x351.jpg 600w, https:\/\/aampalk.ee\/wp-content\/uploads\/2020\/06\/muud-puitmaterjalid-fi-800x469.jpg 800w, https:\/\/aampalk.ee\/wp-content\/uploads\/2020\/06\/muud-puitmaterjalid-fi.jpg 869w\" sizes=\"(max-width: 800px) 100vw, 869px\" \/><\/span><\/div><div class=\"fusion-clearfix\"><\/div><\/div><\/div><\/div><\/div><div class=\"fusion-fullwidth fullwidth-box fusion-builder-row-5 nonhundred-percent-fullwidth non-hundred-percent-height-scrolling\" style=\"--awb-border-radius-top-left:0px;--awb-border-radius-top-right:0px;--awb-border-radius-bottom-right:0px;--awb-border-radius-bottom-left:0px;--awb-padding-right:25%;--awb-padding-left:25%;--awb-flex-wrap:wrap;\" ><div class=\"fusion-builder-row fusion-row\"><div class=\"fusion-layout-column fusion_builder_column fusion-builder-column-6 fusion_builder_column_1_1 1_1 fusion-one-full fusion-column-first fusion-column-last\" style=\"--awb-bg-size:cover;\"><div class=\"fusion-column-wrapper fusion-column-has-shadow fusion-flex-column-wrapper-legacy\"><div class=\"fusion-title title fusion-title-7 fusion-sep-none fusion-title-text fusion-title-size-two\"><h2 class=\"fusion-title-heading title-heading-left\" style=\"margin:0;\">Lis\u00e4eristys<\/h2><\/div><div class=\"fusion-text fusion-text-6\"><p>Halutessaan sein\u00e4n l\u00e4mm\u00f6nkest\u00e4vyyden nostamiseksi voi k\u00e4ytt\u00e4\u00e4 lis\u00e4eristyst\u00e4. Siin\u00e4 tapauksessa hirsisein\u00e4n sis\u00e4puolelle asennetaan eristysmateriaalikerros.\u00a0Sen paksuus voi olla esimerkiksi 50, 100 tai 150 mm.\u00a0Sis\u00e4viimeistelyss\u00e4 voi k\u00e4ytt\u00e4\u00e4 erilaisia vuorilautoja tai kipsilevy\u00e4.\u00a0Suosittelemme Viron olosuhteissa ymp\u00e4rivuotisesti asuessa k\u00e4ytt\u00e4\u00e4 lis\u00e4eristyst\u00e4:\u00a0py\u00f6r\u00f6hirsi: \u00d8 180 mm ja l\u00e4pimitaltaan pienemm\u00e4ss\u00e4 hirress\u00e4,\u00a0kanttihirsi: 113 mm paksuisessa ja ohuemmassa hirress\u00e4.<\/p>\n<\/div><div class=\"fusion-sep-clear\"><\/div><div class=\"fusion-separator fusion-clearfix\" style=\"float:left;margin-top:10px;margin-bottom:10px;width:100%;max-width:12%;\"><\/div><div class=\"fusion-sep-clear\"><\/div><div class=\"fusion-image-element in-legacy-container\" style=\"--awb-caption-title-font-family:var(--h2_typography-font-family);--awb-caption-title-font-weight:var(--h2_typography-font-weight);--awb-caption-title-font-style:var(--h2_typography-font-style);--awb-caption-title-size:var(--h2_typography-font-size);--awb-caption-title-transform:var(--h2_typography-text-transform);--awb-caption-title-line-height:var(--h2_typography-line-height);--awb-caption-title-letter-spacing:var(--h2_typography-letter-spacing);\"><span class=\" fusion-imageframe imageframe-none imageframe-5 hover-type-none\"><img decoding=\"async\" width=\"766\" height=\"509\" alt=\"Lis\u00e4eristys\" title=\"Lis\u00e4eristys\" src=\"https:\/\/aampalk.ee\/wp-content\/uploads\/2020\/06\/lisasoojustamine-fi.jpg\" class=\"img-responsive wp-image-1308\" srcset=\"https:\/\/aampalk.ee\/wp-content\/uploads\/2020\/06\/lisasoojustamine-fi-200x133.jpg 200w, https:\/\/aampalk.ee\/wp-content\/uploads\/2020\/06\/lisasoojustamine-fi-400x266.jpg 400w, https:\/\/aampalk.ee\/wp-content\/uploads\/2020\/06\/lisasoojustamine-fi-600x399.jpg 600w, https:\/\/aampalk.ee\/wp-content\/uploads\/2020\/06\/lisasoojustamine-fi.jpg 766w\" sizes=\"(max-width: 800px) 100vw, 766px\" \/><\/span><\/div><div class=\"fusion-clearfix\"><\/div><\/div><\/div><\/div><\/div><\/p>\n","protected":false},"excerpt":{"rendered":"","protected":false},"author":1,"featured_media":0,"parent":0,"menu_order":0,"comment_status":"closed","ping_status":"closed","template":"100-width.php","meta":{"om_disable_all_campaigns":false,"_monsterinsights_skip_tracking":false,"_monsterinsights_sitenote_active":false,"_monsterinsights_sitenote_note":"","_monsterinsights_sitenote_category":0,"_uf_show_specific_survey":0,"_uf_disable_surveys":false,"footnotes":""},"class_list":["post-937","page","type-page","status-publish","hentry"],"yoast_head":"<!-- This site is optimized with the Yoast SEO Premium plugin v26.8 (Yoast SEO v27.4) - https:\/\/yoast.com\/product\/yoast-seo-premium-wordpress\/ -->\n<title>TUOTTEET | Aampalk<\/title>\n<meta name=\"description\" content=\"Aampalk\" \/>\n<meta name=\"robots\" content=\"index, follow, max-snippet:-1, max-image-preview:large, max-video-preview:-1\" \/>\n<link rel=\"canonical\" href=\"https:\/\/aampalk.ee\/fi\/tuotteet\/\" \/>\n<meta property=\"og:locale\" content=\"fi_FI\" \/>\n<meta property=\"og:type\" content=\"article\" \/>\n<meta property=\"og:title\" content=\"TUOTTEET\" \/>\n<meta property=\"og:description\" content=\"Aampalk\" \/>\n<meta property=\"og:url\" content=\"https:\/\/aampalk.ee\/fi\/tuotteet\/\" \/>\n<meta property=\"og:site_name\" content=\"Aampalk\" \/>\n<meta property=\"article:modified_time\" content=\"2020-07-06T12:17:07+00:00\" \/>\n<meta name=\"twitter:card\" content=\"summary_large_image\" \/>\n<meta name=\"twitter:label1\" content=\"Arvioitu lukuaika\" \/>\n\t<meta name=\"twitter:data1\" content=\"18 minuuttia\" \/>\n<script type=\"application\/ld+json\" class=\"yoast-schema-graph\">{\"@context\":\"https:\\\/\\\/schema.org\",\"@graph\":[{\"@type\":\"WebPage\",\"@id\":\"https:\\\/\\\/aampalk.ee\\\/fi\\\/tuotteet\\\/\",\"url\":\"https:\\\/\\\/aampalk.ee\\\/fi\\\/tuotteet\\\/\",\"name\":\"TUOTTEET | Aampalk\",\"isPartOf\":{\"@id\":\"https:\\\/\\\/aampalk.ee\\\/fi\\\/#website\"},\"datePublished\":\"2020-04-06T12:57:37+00:00\",\"dateModified\":\"2020-07-06T12:17:07+00:00\",\"description\":\"Aampalk\",\"breadcrumb\":{\"@id\":\"https:\\\/\\\/aampalk.ee\\\/fi\\\/tuotteet\\\/#breadcrumb\"},\"inLanguage\":\"fi\",\"potentialAction\":[{\"@type\":\"ReadAction\",\"target\":[\"https:\\\/\\\/aampalk.ee\\\/fi\\\/tuotteet\\\/\"]}]},{\"@type\":\"BreadcrumbList\",\"@id\":\"https:\\\/\\\/aampalk.ee\\\/fi\\\/tuotteet\\\/#breadcrumb\",\"itemListElement\":[{\"@type\":\"ListItem\",\"position\":1,\"name\":\"Home\",\"item\":\"https:\\\/\\\/aampalk.ee\\\/fi\\\/\"},{\"@type\":\"ListItem\",\"position\":2,\"name\":\"TUOTTEET\"}]},{\"@type\":\"WebSite\",\"@id\":\"https:\\\/\\\/aampalk.ee\\\/fi\\\/#website\",\"url\":\"https:\\\/\\\/aampalk.ee\\\/fi\\\/\",\"name\":\"Aampalk\",\"description\":\"Kvaliteetsed puitmajad\",\"publisher\":{\"@id\":\"https:\\\/\\\/aampalk.ee\\\/fi\\\/#organization\"},\"potentialAction\":[{\"@type\":\"SearchAction\",\"target\":{\"@type\":\"EntryPoint\",\"urlTemplate\":\"https:\\\/\\\/aampalk.ee\\\/fi\\\/?s={search_term_string}\"},\"query-input\":{\"@type\":\"PropertyValueSpecification\",\"valueRequired\":true,\"valueName\":\"search_term_string\"}}],\"inLanguage\":\"fi\"},{\"@type\":\"Organization\",\"@id\":\"https:\\\/\\\/aampalk.ee\\\/fi\\\/#organization\",\"name\":\"Aampalk Fin\",\"url\":\"https:\\\/\\\/aampalk.ee\\\/fi\\\/\",\"logo\":{\"@type\":\"ImageObject\",\"inLanguage\":\"fi\",\"@id\":\"https:\\\/\\\/aampalk.ee\\\/fi\\\/#\\\/schema\\\/logo\\\/image\\\/\",\"url\":\"https:\\\/\\\/aampalk.ee\\\/wp-content\\\/uploads\\\/2020\\\/06\\\/aampalk_logo_retina.png\",\"contentUrl\":\"https:\\\/\\\/aampalk.ee\\\/wp-content\\\/uploads\\\/2020\\\/06\\\/aampalk_logo_retina.png\",\"width\":478,\"height\":180,\"caption\":\"Aampalk Fin\"},\"image\":{\"@id\":\"https:\\\/\\\/aampalk.ee\\\/fi\\\/#\\\/schema\\\/logo\\\/image\\\/\"}}]}<\/script>\n<!-- \/ Yoast SEO Premium plugin. -->","yoast_head_json":{"title":"TUOTTEET | Aampalk","description":"Aampalk","robots":{"index":"index","follow":"follow","max-snippet":"max-snippet:-1","max-image-preview":"max-image-preview:large","max-video-preview":"max-video-preview:-1"},"canonical":"https:\/\/aampalk.ee\/fi\/tuotteet\/","og_locale":"fi_FI","og_type":"article","og_title":"TUOTTEET","og_description":"Aampalk","og_url":"https:\/\/aampalk.ee\/fi\/tuotteet\/","og_site_name":"Aampalk","article_modified_time":"2020-07-06T12:17:07+00:00","twitter_card":"summary_large_image","twitter_misc":{"Arvioitu lukuaika":"18 minuuttia"},"schema":{"@context":"https:\/\/schema.org","@graph":[{"@type":"WebPage","@id":"https:\/\/aampalk.ee\/fi\/tuotteet\/","url":"https:\/\/aampalk.ee\/fi\/tuotteet\/","name":"TUOTTEET | Aampalk","isPartOf":{"@id":"https:\/\/aampalk.ee\/fi\/#website"},"datePublished":"2020-04-06T12:57:37+00:00","dateModified":"2020-07-06T12:17:07+00:00","description":"Aampalk","breadcrumb":{"@id":"https:\/\/aampalk.ee\/fi\/tuotteet\/#breadcrumb"},"inLanguage":"fi","potentialAction":[{"@type":"ReadAction","target":["https:\/\/aampalk.ee\/fi\/tuotteet\/"]}]},{"@type":"BreadcrumbList","@id":"https:\/\/aampalk.ee\/fi\/tuotteet\/#breadcrumb","itemListElement":[{"@type":"ListItem","position":1,"name":"Home","item":"https:\/\/aampalk.ee\/fi\/"},{"@type":"ListItem","position":2,"name":"TUOTTEET"}]},{"@type":"WebSite","@id":"https:\/\/aampalk.ee\/fi\/#website","url":"https:\/\/aampalk.ee\/fi\/","name":"Aampalk","description":"Kvaliteetsed puitmajad","publisher":{"@id":"https:\/\/aampalk.ee\/fi\/#organization"},"potentialAction":[{"@type":"SearchAction","target":{"@type":"EntryPoint","urlTemplate":"https:\/\/aampalk.ee\/fi\/?s={search_term_string}"},"query-input":{"@type":"PropertyValueSpecification","valueRequired":true,"valueName":"search_term_string"}}],"inLanguage":"fi"},{"@type":"Organization","@id":"https:\/\/aampalk.ee\/fi\/#organization","name":"Aampalk Fin","url":"https:\/\/aampalk.ee\/fi\/","logo":{"@type":"ImageObject","inLanguage":"fi","@id":"https:\/\/aampalk.ee\/fi\/#\/schema\/logo\/image\/","url":"https:\/\/aampalk.ee\/wp-content\/uploads\/2020\/06\/aampalk_logo_retina.png","contentUrl":"https:\/\/aampalk.ee\/wp-content\/uploads\/2020\/06\/aampalk_logo_retina.png","width":478,"height":180,"caption":"Aampalk Fin"},"image":{"@id":"https:\/\/aampalk.ee\/fi\/#\/schema\/logo\/image\/"}}]}},"_links":{"self":[{"href":"https:\/\/aampalk.ee\/fi\/wp-json\/wp\/v2\/pages\/937","targetHints":{"allow":["GET"]}}],"collection":[{"href":"https:\/\/aampalk.ee\/fi\/wp-json\/wp\/v2\/pages"}],"about":[{"href":"https:\/\/aampalk.ee\/fi\/wp-json\/wp\/v2\/types\/page"}],"author":[{"embeddable":true,"href":"https:\/\/aampalk.ee\/fi\/wp-json\/wp\/v2\/users\/1"}],"replies":[{"embeddable":true,"href":"https:\/\/aampalk.ee\/fi\/wp-json\/wp\/v2\/comments?post=937"}],"version-history":[{"count":0,"href":"https:\/\/aampalk.ee\/fi\/wp-json\/wp\/v2\/pages\/937\/revisions"}],"wp:attachment":[{"href":"https:\/\/aampalk.ee\/fi\/wp-json\/wp\/v2\/media?parent=937"}],"curies":[{"name":"wp","href":"https:\/\/api.w.org\/{rel}","templated":true}]}}